{"id":260,"date":"2018-04-19T11:17:57","date_gmt":"2018-04-19T09:17:57","guid":{"rendered":"https:\/\/www.work-now.eu\/?page_id=260"},"modified":"2020-02-08T11:34:25","modified_gmt":"2020-02-08T09:34:25","slug":"odkazy","status":"publish","type":"page","link":"https:\/\/www.work-now.eu\/cs\/odkazy\/","title":{"rendered":"Odkazy"},"content":{"rendered":"<ul>\n<li>Po brexite 31.1.2020 zam\u011bstnanci ze zem\u00ed EU mohou nad\u00e1le ve Velk\u00e9 Brit\u00e1nii \u017e\u00edt a pracovat bez pracovn\u00edch v\u00edz a povolen\u00ed k pobytu. Vznikla v\u0161ak povinnost o registraci v EU Settlement Scheme do 31.6.2021:<\/li>\n<\/ul>\n<p>https:\/\/www.gov.uk\/settled-status-eu-citizens-families<\/p>\n<ul>\n<li>Ka\u017ed\u00fd zam\u011bstnanec v zdravotnick\u00e9m sektoru mus\u00ed na za\u010d\u00e1tku zam\u011bstn\u00e1n\u00ed po\u017e\u00e1dat o v\u00fdpis z rejst\u0159\u00edku trest\u016f, tzv. DBS check. Informace o \u017e\u00e1dosti najdete na:<\/li>\n<\/ul>\n<p><a href=\"https:\/\/www.gov.uk\/dbs-check-applicant-criminal-record\/how-to-apply-for-a-check\">https:\/\/www.gov.uk\/dbs-check-applicant-criminal-record\/how-to-apply-for-a-check<\/a><\/p>\n<ul>\n<li>Ka\u017ed\u00fd zam\u011bstnanec mus\u00ed m\u00edt \u010d\u00edslo zdravotn\u00edho poji\u0161t\u011bn\u00ed, tzv.National insurance number. Informace o \u017e\u00e1dosti najdete na:<\/li>\n<\/ul>\n<p><a href=\"https:\/\/www.gov.uk\/apply-national-insurance-number\">https:\/\/www.gov.uk\/apply-national-insurance-number<\/a><\/p>\n<ul>\n<li>The Nursing and Midwifery Council (NMC) je instituce, kter\u00e1 sdru\u017euje zdravotn\u00ed sestry a porodn\u00ed asistentky. Informace o registraci:<\/li>\n<\/ul>\n<p><a href=\"http:\/\/www.nmc-uk.org\/Registration\/\">http:\/\/www.nmc-uk.org\/Registration\/<\/a><\/p>\n<ul>\n<li>Care Quality Commission &#8211; <a href=\"http:\/\/www.cqc.org.uk\/\">http:\/\/www.cqc.org.uk\/<\/a><\/li>\n<li>Equal Opportunities &#8211; <a href=\"http:\/\/www.cqc.org.uk\/content\/equality-and-human-rights\">http:\/\/www.cqc.org.uk\/content\/equality-and-human-rights<\/a><\/li>\n<li>Safeguarding &#8211; <a href=\"http:\/\/www.cqc.org.uk\/content\/safeguarding-people\">http:\/\/www.cqc.org.uk\/content\/safeguarding-people<\/a><\/li>\n<li>Person Centred Care &#8211; <a href=\"http:\/\/www.health.org.uk\/sites\/health\/files\/PersonCentredCareMadeSimple.pdf\">http:\/\/www.health.org.uk\/sites\/health\/files\/PersonCentredCareMadeSimple.pdf<\/a><\/li>\n<\/ul>\n","protected":false},"excerpt":{"rendered":"<p>Po brexite 31.1.2020 zam\u011bstnanci ze zem\u00ed EU mohou nad\u00e1le ve Velk\u00e9 Brit\u00e1nii \u017e\u00edt a pracovat bez pracovn\u00edch v\u00edz a povolen\u00ed k pobytu. Vznikla v\u0161ak povinnost o registraci v EU Settlement Scheme do 31.6.2021: https:\/\/www.gov.uk\/settled-status-eu-citizens-families Ka\u017ed\u00fd zam\u011bstnanec v zdravotnick\u00e9m sektoru mus\u00ed na za\u010d\u00e1tku zam\u011bstn\u00e1n\u00ed po\u017e\u00e1dat o v\u00fdpis z rejst\u0159\u00edku trest\u016f, tzv. DBS check. Informace o \u017e\u00e1dosti<\/p>\n","protected":false},"author":1,"featured_media":0,"parent":0,"menu_order":0,"comment_status":"closed","ping_status":"closed","template":"","meta":{"_acf_changed":false,"footnotes":""},"class_list":["post-260","page","type-page","status-publish","hentry","necervensie"],"acf":[],"yoast_head":"<!-- This site is optimized with the Yoast SEO plugin v26.1.1 - https:\/\/yoast.com\/wordpress\/plugins\/seo\/ -->\n<title>Odkazy &#8212; Work now!<\/title>\n<meta name=\"robots\" content=\"index, follow, max-snippet:-1, max-image-preview:large, max-video-preview:-1\" \/>\n<meta property=\"og:locale\" content=\"cs_CZ\" \/>\n<meta property=\"og:type\" content=\"article\" \/>\n<meta property=\"og:title\" content=\"Odkazy &#8212; Work now!\" \/>\n<meta property=\"og:description\" content=\"Po brexite 31.1.2020 zam\u011bstnanci ze zem\u00ed EU mohou nad\u00e1le ve Velk\u00e9 Brit\u00e1nii \u017e\u00edt a pracovat bez pracovn\u00edch v\u00edz a povolen\u00ed k pobytu. Vznikla v\u0161ak povinnost o registraci v EU Settlement Scheme do 31.6.2021: https:\/\/www.gov.uk\/settled-status-eu-citizens-families Ka\u017ed\u00fd zam\u011bstnanec v zdravotnick\u00e9m sektoru mus\u00ed na za\u010d\u00e1tku zam\u011bstn\u00e1n\u00ed po\u017e\u00e1dat o v\u00fdpis z rejst\u0159\u00edku trest\u016f, tzv. DBS check. Informace o \u017e\u00e1dosti\" \/>\n<meta property=\"og:url\" content=\"https:\/\/www.work-now.eu\/cs\/odkazy\/\" \/>\n<meta property=\"og:site_name\" content=\"Work now!\" \/>\n<meta property=\"article:modified_time\" content=\"2020-02-08T09:34:25+00:00\" \/>\n<meta property=\"og:image\" content=\"https:\/\/www.work-now.eu\/wp-content\/uploads\/2018\/05\/default_facebook_cover.jpg\" \/>\n\t<meta property=\"og:image:width\" content=\"1200\" \/>\n\t<meta property=\"og:image:height\" content=\"628\" \/>\n\t<meta property=\"og:image:type\" content=\"image\/jpeg\" \/>\n<meta name=\"twitter:card\" content=\"summary_large_image\" \/>\n<meta name=\"twitter:label1\" content=\"Odhadovan\u00e1 doba \u010dten\u00ed\" \/>\n\t<meta name=\"twitter:data1\" content=\"1 minuta\" \/>\n<script type=\"application\/ld+json\" class=\"yoast-schema-graph\">{\"@context\":\"https:\/\/schema.org\",\"@graph\":[{\"@type\":\"WebPage\",\"@id\":\"https:\/\/www.work-now.eu\/cs\/odkazy\/\",\"url\":\"https:\/\/www.work-now.eu\/cs\/odkazy\/\",\"name\":\"Odkazy &#8212; Work now!\",\"isPartOf\":{\"@id\":\"https:\/\/www.work-now.eu\/cs\/#website\"},\"datePublished\":\"2018-04-19T09:17:57+00:00\",\"dateModified\":\"2020-02-08T09:34:25+00:00\",\"breadcrumb\":{\"@id\":\"https:\/\/www.work-now.eu\/cs\/odkazy\/#breadcrumb\"},\"inLanguage\":\"cs\",\"potentialAction\":[{\"@type\":\"ReadAction\",\"target\":[\"https:\/\/www.work-now.eu\/cs\/odkazy\/\"]}]},{\"@type\":\"BreadcrumbList\",\"@id\":\"https:\/\/www.work-now.eu\/cs\/odkazy\/#breadcrumb\",\"itemListElement\":[{\"@type\":\"ListItem\",\"position\":1,\"name\":\"Home\",\"item\":\"https:\/\/www.work-now.eu\/cs\/\"},{\"@type\":\"ListItem\",\"position\":2,\"name\":\"Odkazy\"}]},{\"@type\":\"WebSite\",\"@id\":\"https:\/\/www.work-now.eu\/cs\/#website\",\"url\":\"https:\/\/www.work-now.eu\/cs\/\",\"name\":\"Work now!\",\"description\":\"Employment agency\",\"publisher\":{\"@id\":\"https:\/\/www.work-now.eu\/cs\/#organization\"},\"potentialAction\":[{\"@type\":\"SearchAction\",\"target\":{\"@type\":\"EntryPoint\",\"urlTemplate\":\"https:\/\/www.work-now.eu\/cs\/?s={search_term_string}\"},\"query-input\":{\"@type\":\"PropertyValueSpecification\",\"valueRequired\":true,\"valueName\":\"search_term_string\"}}],\"inLanguage\":\"cs\"},{\"@type\":\"Organization\",\"@id\":\"https:\/\/www.work-now.eu\/cs\/#organization\",\"name\":\"IFNE Slovakia s.r.o.\",\"url\":\"https:\/\/www.work-now.eu\/cs\/\",\"logo\":{\"@type\":\"ImageObject\",\"inLanguage\":\"cs\",\"@id\":\"https:\/\/www.work-now.eu\/cs\/#\/schema\/logo\/image\/\",\"url\":\"https:\/\/www.work-now.eu\/wp-content\/uploads\/2018\/05\/logo.png\",\"contentUrl\":\"https:\/\/www.work-now.eu\/wp-content\/uploads\/2018\/05\/logo.png\",\"width\":748,\"height\":113,\"caption\":\"IFNE Slovakia s.r.o.\"},\"image\":{\"@id\":\"https:\/\/www.work-now.eu\/cs\/#\/schema\/logo\/image\/\"}}]}<\/script>\n<!-- \/ Yoast SEO plugin. -->","yoast_head_json":{"title":"Odkazy &#8212; Work now!","robots":{"index":"index","follow":"follow","max-snippet":"max-snippet:-1","max-image-preview":"max-image-preview:large","max-video-preview":"max-video-preview:-1"},"og_locale":"cs_CZ","og_type":"article","og_title":"Odkazy &#8212; Work now!","og_description":"Po brexite 31.1.2020 zam\u011bstnanci ze zem\u00ed EU mohou nad\u00e1le ve Velk\u00e9 Brit\u00e1nii \u017e\u00edt a pracovat bez pracovn\u00edch v\u00edz a povolen\u00ed k pobytu. Vznikla v\u0161ak povinnost o registraci v EU Settlement Scheme do 31.6.2021: https:\/\/www.gov.uk\/settled-status-eu-citizens-families Ka\u017ed\u00fd zam\u011bstnanec v zdravotnick\u00e9m sektoru mus\u00ed na za\u010d\u00e1tku zam\u011bstn\u00e1n\u00ed po\u017e\u00e1dat o v\u00fdpis z rejst\u0159\u00edku trest\u016f, tzv. DBS check. Informace o \u017e\u00e1dosti","og_url":"https:\/\/www.work-now.eu\/cs\/odkazy\/","og_site_name":"Work now!","article_modified_time":"2020-02-08T09:34:25+00:00","og_image":[{"width":1200,"height":628,"url":"https:\/\/www.work-now.eu\/wp-content\/uploads\/2018\/05\/default_facebook_cover.jpg","type":"image\/jpeg"}],"twitter_card":"summary_large_image","twitter_misc":{"Odhadovan\u00e1 doba \u010dten\u00ed":"1 minuta"},"schema":{"@context":"https:\/\/schema.org","@graph":[{"@type":"WebPage","@id":"https:\/\/www.work-now.eu\/cs\/odkazy\/","url":"https:\/\/www.work-now.eu\/cs\/odkazy\/","name":"Odkazy &#8212; Work now!","isPartOf":{"@id":"https:\/\/www.work-now.eu\/cs\/#website"},"datePublished":"2018-04-19T09:17:57+00:00","dateModified":"2020-02-08T09:34:25+00:00","breadcrumb":{"@id":"https:\/\/www.work-now.eu\/cs\/odkazy\/#breadcrumb"},"inLanguage":"cs","potentialAction":[{"@type":"ReadAction","target":["https:\/\/www.work-now.eu\/cs\/odkazy\/"]}]},{"@type":"BreadcrumbList","@id":"https:\/\/www.work-now.eu\/cs\/odkazy\/#breadcrumb","itemListElement":[{"@type":"ListItem","position":1,"name":"Home","item":"https:\/\/www.work-now.eu\/cs\/"},{"@type":"ListItem","position":2,"name":"Odkazy"}]},{"@type":"WebSite","@id":"https:\/\/www.work-now.eu\/cs\/#website","url":"https:\/\/www.work-now.eu\/cs\/","name":"Work now!","description":"Employment agency","publisher":{"@id":"https:\/\/www.work-now.eu\/cs\/#organization"},"potentialAction":[{"@type":"SearchAction","target":{"@type":"EntryPoint","urlTemplate":"https:\/\/www.work-now.eu\/cs\/?s={search_term_string}"},"query-input":{"@type":"PropertyValueSpecification","valueRequired":true,"valueName":"search_term_string"}}],"inLanguage":"cs"},{"@type":"Organization","@id":"https:\/\/www.work-now.eu\/cs\/#organization","name":"IFNE Slovakia s.r.o.","url":"https:\/\/www.work-now.eu\/cs\/","logo":{"@type":"ImageObject","inLanguage":"cs","@id":"https:\/\/www.work-now.eu\/cs\/#\/schema\/logo\/image\/","url":"https:\/\/www.work-now.eu\/wp-content\/uploads\/2018\/05\/logo.png","contentUrl":"https:\/\/www.work-now.eu\/wp-content\/uploads\/2018\/05\/logo.png","width":748,"height":113,"caption":"IFNE Slovakia s.r.o."},"image":{"@id":"https:\/\/www.work-now.eu\/cs\/#\/schema\/logo\/image\/"}}]}},"_links":{"self":[{"href":"https:\/\/www.work-now.eu\/cs\/wp-json\/wp\/v2\/pages\/260","targetHints":{"allow":["GET"]}}],"collection":[{"href":"https:\/\/www.work-now.eu\/cs\/wp-json\/wp\/v2\/pages"}],"about":[{"href":"https:\/\/www.work-now.eu\/cs\/wp-json\/wp\/v2\/types\/page"}],"author":[{"embeddable":true,"href":"https:\/\/www.work-now.eu\/cs\/wp-json\/wp\/v2\/users\/1"}],"replies":[{"embeddable":true,"href":"https:\/\/www.work-now.eu\/cs\/wp-json\/wp\/v2\/comments?post=260"}],"version-history":[{"count":0,"href":"https:\/\/www.work-now.eu\/cs\/wp-json\/wp\/v2\/pages\/260\/revisions"}],"wp:attachment":[{"href":"https:\/\/www.work-now.eu\/cs\/wp-json\/wp\/v2\/media?parent=260"}],"curies":[{"name":"wp","href":"https:\/\/api.w.org\/{rel}","templated":true}]}}