{"id":158,"date":"2018-05-04T16:06:05","date_gmt":"2018-05-04T14:06:05","guid":{"rendered":"https:\/\/www.work-now.eu\/?page_id=158"},"modified":"2025-12-10T12:26:01","modified_gmt":"2025-12-10T10:26:01","slug":"intrebari","status":"publish","type":"page","link":"https:\/\/www.work-now.eu\/ro\/intrebari\/","title":{"rendered":"\u00centreb\u0103ri frecvente"},"content":{"rendered":"<h3>Cum merge tot drumul?<\/h3>\n<p>Odat\u0103 ce a\u021bi determinat cerin\u021bele dvs., lua\u021bi \u00een considerare ceea ce oferim. <strong>Nu le oferim tuturor.<\/strong> Aici vine precizia \u0219i intui\u021bia care ne salveaz\u0103 multe ore de \u00eencercare \u0219i de eroare. \u00cen momentul depunerii unei anumite oferte, ave\u021bi o mare probabilitate de plasare pe termen lung \u0219i satisf\u0103c\u0103toare.<\/p>\n<p>Cu noi pute\u021bi verifica totul \u00een avans,<strong> juc\u0103m fairplay!<\/strong> Dac\u0103 sunte\u021bi interesat de informa\u021bii suplimentare de la o &#8222;surs\u0103 independent\u0103&#8221;, v\u0103 vom furniza contacte cu candida\u021bii deja pleca\u021bi care lucreaz\u0103 cu acela\u0219i angajator sau cu al\u021bi candida\u021bi care au c\u0103l\u0103torit prin intermediul agen\u021biei noastre.<\/p>\n<p>Vom aranja un interviu de angajare cu angajatorul online pentru tine. V\u0103 vom oferi apoi sfaturi cu privire la forma \u0219i con\u021binutul documentelor necesare pentru angajare, astfel \u00eenc\u00e2t acestea s\u0103 respecte reglement\u0103rile \u00een limba. Documentele \u00eentr-o alt\u0103 limb\u0103 dec\u00e2t limba englez\u0103 vor fi traduse \u00een limba englez\u0103.<\/p>\n<p>V\u0103 ajut\u0103m s\u0103 alege\u021bi un zbor potrivit sau alt\u0103 modalitate de a c\u0103l\u0103tori. V\u0103 vom oferi instruc\u021biuni precise despre cum s\u0103 proceda\u021bi de la aeroport p\u00e2n\u0103 la locul de preluare de c\u0103tre angajator.<\/p>\n<p>La sosirea la locul de munc\u0103, sunt necesare \u00eenregistr\u0103ri ini\u021biale. Angajatorul v\u0103 va ajuta s\u0103 aranja\u021bi \u00eenscrierile la autorit\u0103\u021bi.<\/p>\n<p>Noi credem c\u0103 vei fi mul\u021bumit de slujba ta. Cu toate acestea, dac\u0103 au existat \u00eentreb\u0103ri, confuzii sau complica\u021bii, suntem aici \u0219i \u00een timpul angaj\u0103rii dvs. pentru a v\u0103 informa sau a v\u0103 ajuta \u00een rezolvarea situa\u021biilor pe care le-a\u021bi f\u0103cut.<\/p>\n<h3>Agen\u021bia pl\u0103te\u0219te o tax\u0103?<\/h3>\n<p><strong>Agen\u021bia noastr\u0103 ofer\u0103 servicii gratuite<\/strong>, f\u0103r\u0103 taxe administrative, de mediere sau alte taxe ascunse.<\/p>\n<h3>Este calea pl\u0103tit\u0103?<\/h3>\n<p>Da, biletul sau biletul de autobuz este r\u0103scump\u0103rat p\u00e2n\u0103 la<strong> 320 &#8211; 550 RON<\/strong> dup\u0103 1-3 luni.<\/p>\n<h3>Care sunt costurile de intrare?<\/h3>\n<p>Cu postul Live in carer, trebuie doar s\u0103 ai o sum\u0103 mic\u0103 de bani pentru a acoperi cheltuielile personale p\u00e2n\u0103 la sosirea primului salariu, deoarece cazarea \u0219i m\u00e2ncarea sunt asigurate gratuit \u00een familie. Totodat\u0103, este necesar\u0103 plata biletului de avion, care se ramburseaz\u0103 integral \u00een primul salariu.<\/p>\n<p>Pentru postul de asistent ingrijire este necesara plata primei chirie si depozit pentru cazare (in total in jur de 1.400 euro) si sa ai si bani pentru acoperirea cheltuielilor personale pana la sosirea primului salariu. Totodat\u0103, este necesar\u0103 plata biletului de avion, care se ramburseaz\u0103 dup\u0103 3 luni de munc\u0103.<\/p>\n<h3>Am o \u0219ans\u0103, chiar dac\u0103 nu am o experien\u021b\u0103 de \u00eengrijire medical\u0103 \u0219i numai elementele de baz\u0103 ale limbii engleze?<\/h3>\n<p>Angajatorii accept\u0103 doar candida\u021bi cu experien\u021b\u0103 profesional\u0103 \u00een domeniul asisten\u021bei medicale sau al asisten\u021bei medicale. Este necesar un nivel comunicativ de limba englez\u0103 cel pu\u021bin moderat.<\/p>\n<h3>Este necesar s\u0103 c\u0103l\u0103tori\u021bi pentru un interviu personal?<\/h3>\n<p>Cu noi, ave\u021bi posibilitatea s\u0103 finaliza\u021bi procesul de mediere a locurilor de munc\u0103 de la distan\u021b\u0103, de la confortul casei dvs., <strong>f\u0103r\u0103 a fi nevoie de un interviu personal<\/strong>. Examin\u0103rile de limb\u0103 \u0219i interviurile cu angajatorul se pot face prin telefon sau Whatsapp.<\/p>\n<h3>C\u00e2t de mult se potrive\u0219te locul de munc\u0103?<\/h3>\n<p>\u00cen mod normal, \u00eentregul proces de plasare a locurilor de munc\u0103 de la interviul ini\u021bial de intrare c\u0103tre angajator dureaz\u0103 <strong>4-6 s\u0103pt\u0103m\u00e2ni.<\/strong><\/p>\n<h3>Se ofer\u0103 cazare?<\/h3>\n<p>In pozitia Live in, ingrijitorul i se asigura cazare direct la domiciliul clientului. \u00cen calitate de asistent de \u00eengrijire, v\u0103 vom ajuta s\u0103 g\u0103si\u021bi cazare.<\/p>\n<h3>Ce documente ar trebui depuse?<\/h3>\n<p>Sunt necesare referin\u021be de lucru, <strong>acte de identitate \u0219i extras din cazierul judiciar<\/strong>. V\u0103 vom informa despre detaliile exacte ale documentelor.<\/p>\n<h3>Pot c\u0103l\u0103tori cu prietenul sau partenerul meu?<\/h3>\n<p>O plasare \u00een comun pentru un angajator \u0219i o locuin\u021b\u0103 comun\u0103 este posibil\u0103 pentru \u00eengrijitorul Care Assistant \u00eentr-o cas\u0103 de \u00eengrijire medical\u0103.<\/p>\n<h3>Cui trebuie s\u0103 contactez pentru \u00eentreb\u0103ri sau complica\u021bii dup\u0103 ce am \u00eenceput s\u0103 lucrez?<\/h3>\n<p>Vom aprecia dac\u0103 sunte\u021bi, de asemenea, conectat cu noi \u00een timp ce lucra\u021bi. Dac\u0103 ave\u021bi \u00eentreb\u0103ri sau complica\u021bii, ne pute\u021bi contacta \u00een orice moment \u0219i v\u0103 vom ajuta cu solu\u021bia.<\/p>\n<h3>Ob\u021bine\u021bi indica\u021bii pentru c\u0103l\u0103torie?<\/h3>\n<p>Dup\u0103 cump\u0103rarea biletului, <strong>vom preg\u0103ti un plan detaliat<\/strong> de c\u0103l\u0103torie de la aeroport p\u00e2n\u0103 la locul de preluare de c\u0103tre angajator.<\/p>\n<h3>Unii rom\u00e2ni lucreaz\u0103 cu un angajator?<\/h3>\n<p>Cel mai probabil, cu un angajator unde \u00eel pute\u021bi ob\u021bine, cineva din Rom\u00e2nia, care a c\u0103l\u0103torit prin agen\u021bia noastr\u0103, lucreaz\u0103. Vom fi bucuro\u0219i s\u0103 v\u0103 oferim contacte cu candida\u021bii care au c\u0103l\u0103torit prin agen\u021bia noastr\u0103.<\/p>\n<h3>Ce trebuie s\u0103 fac dac\u0103 vreau s\u0103-mi schimb angajatorul?<\/h3>\n<p>Dac\u0103 sunte\u021bi \u00een c\u0103utarea unei schimb\u0103ri a angajatorului sau a postului de angajare, am dori s\u0103 v\u0103 ajut\u0103m \u0219i \u00een acest caz. \u00cen cea mai mare parte este posibil\u0103 transferul direct, f\u0103r\u0103 a fi nevoie s\u0103 c\u0103l\u0103tori\u021bi \u00een \u021bara de origine.<\/p>\n<h3><\/h3>\n<p style=\"text-align: right;\">Ave\u021bi alte \u00eentreb\u0103ri? <a href=\"https:\/\/www.work-now.eu\/ro\/contact\/\">Contacta\u021bi-ne \u2192<\/a><\/p>\n","protected":false},"excerpt":{"rendered":"<p>Cum merge tot drumul? Odat\u0103 ce a\u021bi determinat cerin\u021bele dvs., lua\u021bi \u00een considerare ceea ce oferim. Nu le oferim tuturor. Aici vine precizia \u0219i intui\u021bia care ne salveaz\u0103 multe ore de \u00eencercare \u0219i de eroare. \u00cen momentul depunerii unei anumite oferte, ave\u021bi o mare probabilitate de plasare pe termen lung \u0219i satisf\u0103c\u0103toare. Cu noi pute\u021bi<\/p>\n","protected":false},"author":1,"featured_media":76,"parent":0,"menu_order":0,"comment_status":"closed","ping_status":"closed","template":"","meta":{"_acf_changed":false,"footnotes":""},"class_list":["post-158","page","type-page","status-publish","has-post-thumbnail","hentry","necervensie"],"acf":[],"yoast_head":"<!-- This site is optimized with the Yoast SEO plugin v26.1.1 - https:\/\/yoast.com\/wordpress\/plugins\/seo\/ -->\n<title>Cum s\u0103 g\u0103se\u0219ti un loc de munc\u0103 \u00een englez\u0103? custodia \u00een str\u0103in\u0103tate<\/title>\n<meta name=\"description\" content=\"cea mai bun\u0103 ofert\u0103 de posturi de asistent medical la mare distan\u021b\u0103! Peste 3600 de candida\u021bi mul\u021bumi\u021bi!\" \/>\n<meta name=\"robots\" content=\"index, follow, max-snippet:-1, max-image-preview:large, max-video-preview:-1\" \/>\n<meta property=\"og:locale\" content=\"ro_RO\" \/>\n<meta property=\"og:type\" content=\"article\" \/>\n<meta property=\"og:title\" content=\"Cum s\u0103 g\u0103se\u0219ti un loc de munc\u0103 \u00een englez\u0103? custodia \u00een str\u0103in\u0103tate\" \/>\n<meta property=\"og:description\" content=\"cea mai bun\u0103 ofert\u0103 de posturi de asistent medical la mare distan\u021b\u0103! Peste 3600 de candida\u021bi mul\u021bumi\u021bi!\" \/>\n<meta property=\"og:url\" content=\"https:\/\/www.work-now.eu\/ro\/intrebari\/\" \/>\n<meta property=\"og:site_name\" content=\"Work now!\" \/>\n<meta property=\"article:modified_time\" content=\"2025-12-10T10:26:01+00:00\" \/>\n<meta property=\"og:image\" content=\"https:\/\/www.work-now.eu\/wp-content\/uploads\/2018\/04\/anglicko_ulica.jpg\" \/>\n\t<meta property=\"og:image:width\" content=\"1280\" \/>\n\t<meta property=\"og:image:height\" content=\"822\" \/>\n\t<meta property=\"og:image:type\" content=\"image\/jpeg\" \/>\n<meta name=\"twitter:card\" content=\"summary_large_image\" \/>\n<meta name=\"twitter:label1\" content=\"Timp estimat pentru citire\" \/>\n\t<meta name=\"twitter:data1\" content=\"4 minute\" \/>\n<script type=\"application\/ld+json\" class=\"yoast-schema-graph\">{\"@context\":\"https:\/\/schema.org\",\"@graph\":[{\"@type\":\"WebPage\",\"@id\":\"https:\/\/www.work-now.eu\/ro\/intrebari\/\",\"url\":\"https:\/\/www.work-now.eu\/ro\/intrebari\/\",\"name\":\"Cum s\u0103 g\u0103se\u0219ti un loc de munc\u0103 \u00een englez\u0103? custodia \u00een str\u0103in\u0103tate\",\"isPartOf\":{\"@id\":\"https:\/\/www.work-now.eu\/ro\/#website\"},\"primaryImageOfPage\":{\"@id\":\"https:\/\/www.work-now.eu\/ro\/intrebari\/#primaryimage\"},\"image\":{\"@id\":\"https:\/\/www.work-now.eu\/ro\/intrebari\/#primaryimage\"},\"thumbnailUrl\":\"https:\/\/www.work-now.eu\/wp-content\/uploads\/2018\/04\/anglicko_ulica.jpg\",\"datePublished\":\"2018-05-04T14:06:05+00:00\",\"dateModified\":\"2025-12-10T10:26:01+00:00\",\"description\":\"cea mai bun\u0103 ofert\u0103 de posturi de asistent medical la mare distan\u021b\u0103! Peste 3600 de candida\u021bi mul\u021bumi\u021bi!\",\"breadcrumb\":{\"@id\":\"https:\/\/www.work-now.eu\/ro\/intrebari\/#breadcrumb\"},\"inLanguage\":\"ro-RO\",\"potentialAction\":[{\"@type\":\"ReadAction\",\"target\":[\"https:\/\/www.work-now.eu\/ro\/intrebari\/\"]}]},{\"@type\":\"ImageObject\",\"inLanguage\":\"ro-RO\",\"@id\":\"https:\/\/www.work-now.eu\/ro\/intrebari\/#primaryimage\",\"url\":\"https:\/\/www.work-now.eu\/wp-content\/uploads\/2018\/04\/anglicko_ulica.jpg\",\"contentUrl\":\"https:\/\/www.work-now.eu\/wp-content\/uploads\/2018\/04\/anglicko_ulica.jpg\",\"width\":1280,\"height\":822,\"caption\":\"Ulica v Anglicku\"},{\"@type\":\"BreadcrumbList\",\"@id\":\"https:\/\/www.work-now.eu\/ro\/intrebari\/#breadcrumb\",\"itemListElement\":[{\"@type\":\"ListItem\",\"position\":1,\"name\":\"Home\",\"item\":\"https:\/\/www.work-now.eu\/ro\/\"},{\"@type\":\"ListItem\",\"position\":2,\"name\":\"\u00centreb\u0103ri frecvente\"}]},{\"@type\":\"WebSite\",\"@id\":\"https:\/\/www.work-now.eu\/ro\/#website\",\"url\":\"https:\/\/www.work-now.eu\/ro\/\",\"name\":\"Work now!\",\"description\":\"Employment agency\",\"publisher\":{\"@id\":\"https:\/\/www.work-now.eu\/ro\/#organization\"},\"potentialAction\":[{\"@type\":\"SearchAction\",\"target\":{\"@type\":\"EntryPoint\",\"urlTemplate\":\"https:\/\/www.work-now.eu\/ro\/?s={search_term_string}\"},\"query-input\":{\"@type\":\"PropertyValueSpecification\",\"valueRequired\":true,\"valueName\":\"search_term_string\"}}],\"inLanguage\":\"ro-RO\"},{\"@type\":\"Organization\",\"@id\":\"https:\/\/www.work-now.eu\/ro\/#organization\",\"name\":\"IFNE Slovakia s.r.o.\",\"url\":\"https:\/\/www.work-now.eu\/ro\/\",\"logo\":{\"@type\":\"ImageObject\",\"inLanguage\":\"ro-RO\",\"@id\":\"https:\/\/www.work-now.eu\/ro\/#\/schema\/logo\/image\/\",\"url\":\"https:\/\/www.work-now.eu\/wp-content\/uploads\/2018\/05\/logo.png\",\"contentUrl\":\"https:\/\/www.work-now.eu\/wp-content\/uploads\/2018\/05\/logo.png\",\"width\":748,\"height\":113,\"caption\":\"IFNE Slovakia s.r.o.\"},\"image\":{\"@id\":\"https:\/\/www.work-now.eu\/ro\/#\/schema\/logo\/image\/\"}}]}<\/script>\n<!-- \/ Yoast SEO plugin. -->","yoast_head_json":{"title":"Cum s\u0103 g\u0103se\u0219ti un loc de munc\u0103 \u00een englez\u0103? custodia \u00een str\u0103in\u0103tate","description":"cea mai bun\u0103 ofert\u0103 de posturi de asistent medical la mare distan\u021b\u0103! Peste 3600 de candida\u021bi mul\u021bumi\u021bi!","robots":{"index":"index","follow":"follow","max-snippet":"max-snippet:-1","max-image-preview":"max-image-preview:large","max-video-preview":"max-video-preview:-1"},"og_locale":"ro_RO","og_type":"article","og_title":"Cum s\u0103 g\u0103se\u0219ti un loc de munc\u0103 \u00een englez\u0103? custodia \u00een str\u0103in\u0103tate","og_description":"cea mai bun\u0103 ofert\u0103 de posturi de asistent medical la mare distan\u021b\u0103! Peste 3600 de candida\u021bi mul\u021bumi\u021bi!","og_url":"https:\/\/www.work-now.eu\/ro\/intrebari\/","og_site_name":"Work now!","article_modified_time":"2025-12-10T10:26:01+00:00","og_image":[{"width":1280,"height":822,"url":"https:\/\/www.work-now.eu\/wp-content\/uploads\/2018\/04\/anglicko_ulica.jpg","type":"image\/jpeg"}],"twitter_card":"summary_large_image","twitter_misc":{"Timp estimat pentru citire":"4 minute"},"schema":{"@context":"https:\/\/schema.org","@graph":[{"@type":"WebPage","@id":"https:\/\/www.work-now.eu\/ro\/intrebari\/","url":"https:\/\/www.work-now.eu\/ro\/intrebari\/","name":"Cum s\u0103 g\u0103se\u0219ti un loc de munc\u0103 \u00een englez\u0103? custodia \u00een str\u0103in\u0103tate","isPartOf":{"@id":"https:\/\/www.work-now.eu\/ro\/#website"},"primaryImageOfPage":{"@id":"https:\/\/www.work-now.eu\/ro\/intrebari\/#primaryimage"},"image":{"@id":"https:\/\/www.work-now.eu\/ro\/intrebari\/#primaryimage"},"thumbnailUrl":"https:\/\/www.work-now.eu\/wp-content\/uploads\/2018\/04\/anglicko_ulica.jpg","datePublished":"2018-05-04T14:06:05+00:00","dateModified":"2025-12-10T10:26:01+00:00","description":"cea mai bun\u0103 ofert\u0103 de posturi de asistent medical la mare distan\u021b\u0103! Peste 3600 de candida\u021bi mul\u021bumi\u021bi!","breadcrumb":{"@id":"https:\/\/www.work-now.eu\/ro\/intrebari\/#breadcrumb"},"inLanguage":"ro-RO","potentialAction":[{"@type":"ReadAction","target":["https:\/\/www.work-now.eu\/ro\/intrebari\/"]}]},{"@type":"ImageObject","inLanguage":"ro-RO","@id":"https:\/\/www.work-now.eu\/ro\/intrebari\/#primaryimage","url":"https:\/\/www.work-now.eu\/wp-content\/uploads\/2018\/04\/anglicko_ulica.jpg","contentUrl":"https:\/\/www.work-now.eu\/wp-content\/uploads\/2018\/04\/anglicko_ulica.jpg","width":1280,"height":822,"caption":"Ulica v Anglicku"},{"@type":"BreadcrumbList","@id":"https:\/\/www.work-now.eu\/ro\/intrebari\/#breadcrumb","itemListElement":[{"@type":"ListItem","position":1,"name":"Home","item":"https:\/\/www.work-now.eu\/ro\/"},{"@type":"ListItem","position":2,"name":"\u00centreb\u0103ri frecvente"}]},{"@type":"WebSite","@id":"https:\/\/www.work-now.eu\/ro\/#website","url":"https:\/\/www.work-now.eu\/ro\/","name":"Work now!","description":"Employment agency","publisher":{"@id":"https:\/\/www.work-now.eu\/ro\/#organization"},"potentialAction":[{"@type":"SearchAction","target":{"@type":"EntryPoint","urlTemplate":"https:\/\/www.work-now.eu\/ro\/?s={search_term_string}"},"query-input":{"@type":"PropertyValueSpecification","valueRequired":true,"valueName":"search_term_string"}}],"inLanguage":"ro-RO"},{"@type":"Organization","@id":"https:\/\/www.work-now.eu\/ro\/#organization","name":"IFNE Slovakia s.r.o.","url":"https:\/\/www.work-now.eu\/ro\/","logo":{"@type":"ImageObject","inLanguage":"ro-RO","@id":"https:\/\/www.work-now.eu\/ro\/#\/schema\/logo\/image\/","url":"https:\/\/www.work-now.eu\/wp-content\/uploads\/2018\/05\/logo.png","contentUrl":"https:\/\/www.work-now.eu\/wp-content\/uploads\/2018\/05\/logo.png","width":748,"height":113,"caption":"IFNE Slovakia s.r.o."},"image":{"@id":"https:\/\/www.work-now.eu\/ro\/#\/schema\/logo\/image\/"}}]}},"_links":{"self":[{"href":"https:\/\/www.work-now.eu\/ro\/wp-json\/wp\/v2\/pages\/158","targetHints":{"allow":["GET"]}}],"collection":[{"href":"https:\/\/www.work-now.eu\/ro\/wp-json\/wp\/v2\/pages"}],"about":[{"href":"https:\/\/www.work-now.eu\/ro\/wp-json\/wp\/v2\/types\/page"}],"author":[{"embeddable":true,"href":"https:\/\/www.work-now.eu\/ro\/wp-json\/wp\/v2\/users\/1"}],"replies":[{"embeddable":true,"href":"https:\/\/www.work-now.eu\/ro\/wp-json\/wp\/v2\/comments?post=158"}],"version-history":[{"count":2,"href":"https:\/\/www.work-now.eu\/ro\/wp-json\/wp\/v2\/pages\/158\/revisions"}],"predecessor-version":[{"id":9012,"href":"https:\/\/www.work-now.eu\/ro\/wp-json\/wp\/v2\/pages\/158\/revisions\/9012"}],"wp:featuredmedia":[{"embeddable":true,"href":"https:\/\/www.work-now.eu\/ro\/wp-json\/wp\/v2\/media\/76"}],"wp:attachment":[{"href":"https:\/\/www.work-now.eu\/ro\/wp-json\/wp\/v2\/media?parent=158"}],"curies":[{"name":"wp","href":"https:\/\/api.w.org\/{rel}","templated":true}]}}