{"id":209,"date":"2018-04-19T11:13:52","date_gmt":"2018-04-19T09:13:52","guid":{"rendered":"https:\/\/www.work-now.eu\/kontakt\/"},"modified":"2026-04-18T19:16:58","modified_gmt":"2026-04-18T17:16:58","slug":"contact","status":"publish","type":"page","link":"https:\/\/www.work-now.eu\/ro\/contact\/","title":{"rendered":"Contact"},"content":{"rendered":"<p><strong>E-mail: <span class=\"pep-email\">info({%})work-now.eu<\/span><\/strong><\/p>\n<p><strong>Tel: <a href=\"tel:+421915706890\">+421 915 706 890<\/a><\/strong><\/p>\n<p><strong>Whatsapp<\/strong>: 00421 915 706890<\/p>\n<p><strong>\u00a0<\/strong><\/p>\n","protected":false},"excerpt":{"rendered":"<p>E-mail: info({%})work-now.eu Tel: +421 915 706 890 Whatsapp: 00421 915 706890 \u00a0<\/p>\n","protected":false},"author":1,"featured_media":331,"parent":0,"menu_order":0,"comment_status":"closed","ping_status":"closed","template":"","meta":{"_acf_changed":false,"footnotes":""},"class_list":["post-209","page","type-page","status-publish","has-post-thumbnail","hentry","necervensie"],"acf":{"form":"[contact-form-7 id=\"323\" title=\"Formular de contact ro\"]","about-us":"<h3>Despre noi<\/h3>\r\nNu suntem contabili buni sau matematicieni, dar \u00een c\u0103utarea muncii \u00een sectorul asisten\u021bei medicale suntem \u00eentr-adev\u0103r sfat! Dar nu exist\u0103 \u0219tiin\u021b\u0103, deoarece lucr\u0103m de <strong>peste 21 ani<\/strong> \u0219i avem <strong>peste 6000<\/strong> de candida\u021bi realiste!\r\n\r\nCare este reteta noastra de succes? Iat\u0103 componentele sale principale:\r\n<ul>\r\n \t<li>select\u0103m doar cele mai bune oferte \u0219i lucr\u0103m numai cu parteneri care ofer\u0103 satisfac\u021bie real\u0103 \u0219i pe termen lung clien\u021bilor no\u0219tri.<\/li>\r\n \t<li>noi to\u021bi echip\u0103m online. \u00cen c\u00e2teva minute, \u0219tii ce faci \u0219i pantofi de pantofi inutili.<\/li>\r\n \t<li>dac\u0103 nu ave\u021bi o ofert\u0103, avem \u00eenc\u0103 o duzin\u0103 de al\u021bii. N-ai fi f\u0103cut-o cu adev\u0103rat.<\/li>\r\n \t<li>fiecare persoan\u0103 este o fiin\u021b\u0103 valoroas\u0103 pentru noi, nu numai profesional, ci \u0219i uman. Rezultatul este persoana potrivita, in locul potrivit cu expresia corecta a fetei - cu un zambet \ud83d\ude42<\/li>\r\n<\/ul>","to_sidebar":"<strong>Jana Popeli\u0161ov\u00e1<\/strong> - principalul agent din agen\u021bia noastr\u0103. Ea a studiat mai \u00eent\u00e2i, apoi a c\u0103l\u0103torit \u0219i, \u00een cele din urm\u0103, \u0219i-a avut experien\u021ba de munc\u0103 \u00een Anglia, Australia, Germania \u0219i Elve\u021bia.\r\n\r\nDeci, nu exist\u0103 un teoretician, ea a \u00eencercat totul pe pielea ei \u0219i este acum gata s\u0103 \u00eemp\u0103rt\u0103\u0219easc\u0103 aceast\u0103 cunoa\u0219tere cu tine. Nu ezita s\u0103 o contactezi, are solu\u021bii bune pentru tine.\r\n<h3>Adresa de coresponden\u021b\u0103:<\/h3>\r\n<strong>IFNE Slovakia s.r.o.\u00a0<\/strong>\r\nZa hradbami 3\r\n902 01 Pezinok\r\nSlovacia\r\n\r\n<strong>I\u010cO:<\/strong>\u00a035 845 350\r\n<strong>I\u010c DPH:<\/strong>\u00a02020206023"},"yoast_head":"<!-- This site is optimized with the Yoast SEO plugin v26.1.1 - https:\/\/yoast.com\/wordpress\/plugins\/seo\/ -->\n<title>agen\u021bie pentru munc\u0103 \u00een str\u0103in\u0103tate - \u00eengrijire pentru persoanele \u00een v\u00e2rst\u0103 din Anglia<\/title>\n<meta name=\"description\" content=\"cea mai bun\u0103 ofert\u0103 de posturi de asistent medical la mare distan\u021b\u0103! Peste 3600 de candida\u021bi mul\u021bumi\u021bi!\" \/>\n<meta name=\"robots\" content=\"index, follow, max-snippet:-1, max-image-preview:large, max-video-preview:-1\" \/>\n<meta property=\"og:locale\" content=\"ro_RO\" \/>\n<meta property=\"og:type\" content=\"article\" \/>\n<meta property=\"og:title\" content=\"agen\u021bie pentru munc\u0103 \u00een str\u0103in\u0103tate - \u00eengrijire pentru persoanele \u00een v\u00e2rst\u0103 din Anglia\" \/>\n<meta property=\"og:description\" content=\"cea mai bun\u0103 ofert\u0103 de posturi de asistent medical la mare distan\u021b\u0103! Peste 3600 de candida\u021bi mul\u021bumi\u021bi!\" \/>\n<meta property=\"og:url\" content=\"https:\/\/www.work-now.eu\/ro\/contact\/\" \/>\n<meta property=\"og:site_name\" content=\"Work now!\" \/>\n<meta property=\"article:modified_time\" content=\"2026-04-18T17:16:58+00:00\" \/>\n<meta property=\"og:image\" content=\"https:\/\/www.work-now.eu\/wp-content\/uploads\/2018\/05\/jana-popelisova.jpg\" \/>\n\t<meta property=\"og:image:width\" content=\"398\" \/>\n\t<meta property=\"og:image:height\" content=\"499\" \/>\n\t<meta property=\"og:image:type\" content=\"image\/jpeg\" \/>\n<meta name=\"twitter:card\" content=\"summary_large_image\" \/>\n<meta name=\"twitter:label1\" content=\"Timp estimat pentru citire\" \/>\n\t<meta name=\"twitter:data1\" content=\"2 minute\" \/>\n<script type=\"application\/ld+json\" class=\"yoast-schema-graph\">{\"@context\":\"https:\/\/schema.org\",\"@graph\":[{\"@type\":\"WebPage\",\"@id\":\"https:\/\/www.work-now.eu\/ro\/contact\/\",\"url\":\"https:\/\/www.work-now.eu\/ro\/contact\/\",\"name\":\"agen\u021bie pentru munc\u0103 \u00een str\u0103in\u0103tate - \u00eengrijire pentru persoanele \u00een v\u00e2rst\u0103 din Anglia\",\"isPartOf\":{\"@id\":\"https:\/\/www.work-now.eu\/ro\/#website\"},\"primaryImageOfPage\":{\"@id\":\"https:\/\/www.work-now.eu\/ro\/contact\/#primaryimage\"},\"image\":{\"@id\":\"https:\/\/www.work-now.eu\/ro\/contact\/#primaryimage\"},\"thumbnailUrl\":\"https:\/\/www.work-now.eu\/wp-content\/uploads\/2018\/05\/jana-popelisova.jpg\",\"datePublished\":\"2018-04-19T09:13:52+00:00\",\"dateModified\":\"2026-04-18T17:16:58+00:00\",\"description\":\"cea mai bun\u0103 ofert\u0103 de posturi de asistent medical la mare distan\u021b\u0103! Peste 3600 de candida\u021bi mul\u021bumi\u021bi!\",\"breadcrumb\":{\"@id\":\"https:\/\/www.work-now.eu\/ro\/contact\/#breadcrumb\"},\"inLanguage\":\"ro-RO\",\"potentialAction\":[{\"@type\":\"ReadAction\",\"target\":[\"https:\/\/www.work-now.eu\/ro\/contact\/\"]}]},{\"@type\":\"ImageObject\",\"inLanguage\":\"ro-RO\",\"@id\":\"https:\/\/www.work-now.eu\/ro\/contact\/#primaryimage\",\"url\":\"https:\/\/www.work-now.eu\/wp-content\/uploads\/2018\/05\/jana-popelisova.jpg\",\"contentUrl\":\"https:\/\/www.work-now.eu\/wp-content\/uploads\/2018\/05\/jana-popelisova.jpg\",\"width\":398,\"height\":499,\"caption\":\"Jana Popeli\u0161ov\u00e1\"},{\"@type\":\"BreadcrumbList\",\"@id\":\"https:\/\/www.work-now.eu\/ro\/contact\/#breadcrumb\",\"itemListElement\":[{\"@type\":\"ListItem\",\"position\":1,\"name\":\"Home\",\"item\":\"https:\/\/www.work-now.eu\/ro\/\"},{\"@type\":\"ListItem\",\"position\":2,\"name\":\"Contact\"}]},{\"@type\":\"WebSite\",\"@id\":\"https:\/\/www.work-now.eu\/ro\/#website\",\"url\":\"https:\/\/www.work-now.eu\/ro\/\",\"name\":\"Work now!\",\"description\":\"Employment agency\",\"publisher\":{\"@id\":\"https:\/\/www.work-now.eu\/ro\/#organization\"},\"potentialAction\":[{\"@type\":\"SearchAction\",\"target\":{\"@type\":\"EntryPoint\",\"urlTemplate\":\"https:\/\/www.work-now.eu\/ro\/?s={search_term_string}\"},\"query-input\":{\"@type\":\"PropertyValueSpecification\",\"valueRequired\":true,\"valueName\":\"search_term_string\"}}],\"inLanguage\":\"ro-RO\"},{\"@type\":\"Organization\",\"@id\":\"https:\/\/www.work-now.eu\/ro\/#organization\",\"name\":\"IFNE Slovakia s.r.o.\",\"url\":\"https:\/\/www.work-now.eu\/ro\/\",\"logo\":{\"@type\":\"ImageObject\",\"inLanguage\":\"ro-RO\",\"@id\":\"https:\/\/www.work-now.eu\/ro\/#\/schema\/logo\/image\/\",\"url\":\"https:\/\/www.work-now.eu\/wp-content\/uploads\/2018\/05\/logo.png\",\"contentUrl\":\"https:\/\/www.work-now.eu\/wp-content\/uploads\/2018\/05\/logo.png\",\"width\":748,\"height\":113,\"caption\":\"IFNE Slovakia s.r.o.\"},\"image\":{\"@id\":\"https:\/\/www.work-now.eu\/ro\/#\/schema\/logo\/image\/\"}}]}<\/script>\n<!-- \/ Yoast SEO plugin. -->","yoast_head_json":{"title":"agen\u021bie pentru munc\u0103 \u00een str\u0103in\u0103tate - \u00eengrijire pentru persoanele \u00een v\u00e2rst\u0103 din Anglia","description":"cea mai bun\u0103 ofert\u0103 de posturi de asistent medical la mare distan\u021b\u0103! Peste 3600 de candida\u021bi mul\u021bumi\u021bi!","robots":{"index":"index","follow":"follow","max-snippet":"max-snippet:-1","max-image-preview":"max-image-preview:large","max-video-preview":"max-video-preview:-1"},"og_locale":"ro_RO","og_type":"article","og_title":"agen\u021bie pentru munc\u0103 \u00een str\u0103in\u0103tate - \u00eengrijire pentru persoanele \u00een v\u00e2rst\u0103 din Anglia","og_description":"cea mai bun\u0103 ofert\u0103 de posturi de asistent medical la mare distan\u021b\u0103! Peste 3600 de candida\u021bi mul\u021bumi\u021bi!","og_url":"https:\/\/www.work-now.eu\/ro\/contact\/","og_site_name":"Work now!","article_modified_time":"2026-04-18T17:16:58+00:00","og_image":[{"width":398,"height":499,"url":"https:\/\/www.work-now.eu\/wp-content\/uploads\/2018\/05\/jana-popelisova.jpg","type":"image\/jpeg"}],"twitter_card":"summary_large_image","twitter_misc":{"Timp estimat pentru citire":"2 minute"},"schema":{"@context":"https:\/\/schema.org","@graph":[{"@type":"WebPage","@id":"https:\/\/www.work-now.eu\/ro\/contact\/","url":"https:\/\/www.work-now.eu\/ro\/contact\/","name":"agen\u021bie pentru munc\u0103 \u00een str\u0103in\u0103tate - \u00eengrijire pentru persoanele \u00een v\u00e2rst\u0103 din Anglia","isPartOf":{"@id":"https:\/\/www.work-now.eu\/ro\/#website"},"primaryImageOfPage":{"@id":"https:\/\/www.work-now.eu\/ro\/contact\/#primaryimage"},"image":{"@id":"https:\/\/www.work-now.eu\/ro\/contact\/#primaryimage"},"thumbnailUrl":"https:\/\/www.work-now.eu\/wp-content\/uploads\/2018\/05\/jana-popelisova.jpg","datePublished":"2018-04-19T09:13:52+00:00","dateModified":"2026-04-18T17:16:58+00:00","description":"cea mai bun\u0103 ofert\u0103 de posturi de asistent medical la mare distan\u021b\u0103! Peste 3600 de candida\u021bi mul\u021bumi\u021bi!","breadcrumb":{"@id":"https:\/\/www.work-now.eu\/ro\/contact\/#breadcrumb"},"inLanguage":"ro-RO","potentialAction":[{"@type":"ReadAction","target":["https:\/\/www.work-now.eu\/ro\/contact\/"]}]},{"@type":"ImageObject","inLanguage":"ro-RO","@id":"https:\/\/www.work-now.eu\/ro\/contact\/#primaryimage","url":"https:\/\/www.work-now.eu\/wp-content\/uploads\/2018\/05\/jana-popelisova.jpg","contentUrl":"https:\/\/www.work-now.eu\/wp-content\/uploads\/2018\/05\/jana-popelisova.jpg","width":398,"height":499,"caption":"Jana Popeli\u0161ov\u00e1"},{"@type":"BreadcrumbList","@id":"https:\/\/www.work-now.eu\/ro\/contact\/#breadcrumb","itemListElement":[{"@type":"ListItem","position":1,"name":"Home","item":"https:\/\/www.work-now.eu\/ro\/"},{"@type":"ListItem","position":2,"name":"Contact"}]},{"@type":"WebSite","@id":"https:\/\/www.work-now.eu\/ro\/#website","url":"https:\/\/www.work-now.eu\/ro\/","name":"Work now!","description":"Employment agency","publisher":{"@id":"https:\/\/www.work-now.eu\/ro\/#organization"},"potentialAction":[{"@type":"SearchAction","target":{"@type":"EntryPoint","urlTemplate":"https:\/\/www.work-now.eu\/ro\/?s={search_term_string}"},"query-input":{"@type":"PropertyValueSpecification","valueRequired":true,"valueName":"search_term_string"}}],"inLanguage":"ro-RO"},{"@type":"Organization","@id":"https:\/\/www.work-now.eu\/ro\/#organization","name":"IFNE Slovakia s.r.o.","url":"https:\/\/www.work-now.eu\/ro\/","logo":{"@type":"ImageObject","inLanguage":"ro-RO","@id":"https:\/\/www.work-now.eu\/ro\/#\/schema\/logo\/image\/","url":"https:\/\/www.work-now.eu\/wp-content\/uploads\/2018\/05\/logo.png","contentUrl":"https:\/\/www.work-now.eu\/wp-content\/uploads\/2018\/05\/logo.png","width":748,"height":113,"caption":"IFNE Slovakia s.r.o."},"image":{"@id":"https:\/\/www.work-now.eu\/ro\/#\/schema\/logo\/image\/"}}]}},"_links":{"self":[{"href":"https:\/\/www.work-now.eu\/ro\/wp-json\/wp\/v2\/pages\/209","targetHints":{"allow":["GET"]}}],"collection":[{"href":"https:\/\/www.work-now.eu\/ro\/wp-json\/wp\/v2\/pages"}],"about":[{"href":"https:\/\/www.work-now.eu\/ro\/wp-json\/wp\/v2\/types\/page"}],"author":[{"embeddable":true,"href":"https:\/\/www.work-now.eu\/ro\/wp-json\/wp\/v2\/users\/1"}],"replies":[{"embeddable":true,"href":"https:\/\/www.work-now.eu\/ro\/wp-json\/wp\/v2\/comments?post=209"}],"version-history":[{"count":2,"href":"https:\/\/www.work-now.eu\/ro\/wp-json\/wp\/v2\/pages\/209\/revisions"}],"predecessor-version":[{"id":9592,"href":"https:\/\/www.work-now.eu\/ro\/wp-json\/wp\/v2\/pages\/209\/revisions\/9592"}],"wp:featuredmedia":[{"embeddable":true,"href":"https:\/\/www.work-now.eu\/ro\/wp-json\/wp\/v2\/media\/331"}],"wp:attachment":[{"href":"https:\/\/www.work-now.eu\/ro\/wp-json\/wp\/v2\/media?parent=209"}],"curies":[{"name":"wp","href":"https:\/\/api.w.org\/{rel}","templated":true}]}}