{"id":21,"date":"2018-04-19T11:03:19","date_gmt":"2018-04-19T09:03:19","guid":{"rendered":"https:\/\/www.work-now.eu\/?page_id=21"},"modified":"2025-12-10T12:21:55","modified_gmt":"2025-12-10T10:21:55","slug":"otazky","status":"publish","type":"page","link":"https:\/\/www.work-now.eu\/sk\/otazky\/","title":{"rendered":"\u010cast\u00e9 ot\u00e1zky"},"content":{"rendered":"\n<p><strong>Ako to cel\u00e9 prebieha?<\/strong><\/p>\n\n\n\n<p>Po zisten\u00ed Va\u0161ich po\u017eiad\u00e1vok dobre zv\u00e1\u017eime, \u010do V\u00e1m pon\u00fakneme.&nbsp;<strong>Nepon\u00fakame ka\u017ed\u00e9mu v\u0161etko.<\/strong>&nbsp;Tu prich\u00e1dza na radu na\u0161a prec\u00edznos\u0165 a&nbsp;intu\u00edcia, ktor\u00e1 n\u00e1m v\u0161etk\u00fdm u\u0161etr\u00ed ve\u013ea hod\u00edn pokusov a&nbsp;omylov. V&nbsp;momente predlo\u017eenia konkr\u00e9tnej ponuky u\u017e m\u00e1te vysok\u00fa pravdepodobnos\u0165 dlhodob\u00e9ho, spokojn\u00e9ho umiestnenia.<\/p>\n\n\n\n<p>U&nbsp;n\u00e1s si m\u00f4\u017eete v\u0161etko vopred overi\u0165,&nbsp;<strong>hr\u00e1me fair play!<\/strong>&nbsp;V&nbsp;pr\u00edpade z\u00e1ujmu o&nbsp;dodato\u010dn\u00e9 inform\u00e1cie \u201ez nez\u00e1visl\u00e9ho zdroja\u201c V\u00e1m poskytneme kontakty na u\u017e vycestovan\u00fdch kandid\u00e1tov pracuj\u00facich u&nbsp;toho ist\u00e9ho zamestn\u00e1vate\u013ea alebo in\u00fdch kandid\u00e1tov, ktor\u00ed vycestovali cez na\u0161u agent\u00faru.<\/p>\n\n\n\n<p>Dohodneme pre V\u00e1s pracovn\u00fd pohovor so zamestn\u00e1vate\u013eom formou online. Po \u00faspe\u0161ne absolvovanom pohovore V\u00e1m poskytneme poradenstvo oh\u013eadom formy a&nbsp;obsahu dokumentov potrebn\u00fdch na zamestnanie. Dokumenty v&nbsp;inom jazyku ako angli\u010dtine, prelo\u017e\u00edme do angli\u010dtiny.<\/p>\n\n\n\n<p>Pom\u00f4\u017eeme V\u00e1m vybra\u0165 vhodn\u00fd let. D\u00e1me V\u00e1m presn\u00e9 in\u0161trukcie, ako m\u00e1te postupova\u0165 z&nbsp;letiska na miesto vyzdvihnutia.<\/p>\n\n\n\n<p>Po pr\u00edchode do zamestnania je potrebn\u00e9 vykona\u0165 po\u010diato\u010dn\u00e9 registr\u00e1cie. Zamestn\u00e1vate\u013e V\u00e1m pom\u00f4\u017ee vybavi\u0165 registr\u00e1cie na \u00faradoch.<\/p>\n\n\n\n<p>Ver\u00edme, \u017ee budete v&nbsp;zamestnan\u00ed spokojn\u00ed. Ak by sa v\u0161ak vyskytli ot\u00e1zky, nejasnosti alebo komplik\u00e1cie, sme tu pre V\u00e1s aj po\u010das zamestnania, aby sme V\u00e1s informovali alebo boli n\u00e1pomocn\u00ed v&nbsp;rie\u0161en\u00ed vzniknut\u00fdch situ\u00e1ci\u00ed.<\/p>\n\n\n\n<p><strong>Plat\u00ed sa agent\u00fare poplatok?<\/strong><\/p>\n\n\n\n<p>Na\u0161a agent\u00fara poskytuje slu\u017eby&nbsp;<strong>plne zdarma,<\/strong> bez \u00fa\u010dtovania administrat\u00edvneho, sprostredkovate\u013esk\u00e9ho alebo in\u00e9ho skryt\u00e9ho poplatku.<\/p>\n\n\n\n<p><strong>Je letenka preplaten\u00e1?<\/strong><\/p>\n\n\n\n<p>\u00c1no, letenka je preplaten\u00e1&nbsp;<strong>do v\u00fd\u0161ky 50-110EUR<\/strong>&nbsp;a&nbsp;to po odpracovan\u00ed 1-3 mesiacov.<\/p>\n\n\n\n<p><strong>Ak\u00e9 s\u00fa vstupn\u00e9 n\u00e1klady?<\/strong><\/p>\n\n\n\n<p>U&nbsp;pracovnej poz\u00edcii Live in carer sta\u010d\u00ed ma\u0165 len mal\u00fa sumu pe\u0148az\u00ed na pokrytie osobn\u00fdch n\u00e1kladov po dobu, k\u00fdm pr\u00edde prv\u00e1 mzda, ke\u010f\u017ee ubytovanie a&nbsp;strava s\u00fa poskytnut\u00e9 zdarma v&nbsp;rodine. Z\u00e1rove\u0148 je potrebn\u00e9 zaplati\u0165 si letenku, ktor\u00e1 je v&nbsp;plnej v\u00fd\u0161ke preplaten\u00e1 v&nbsp;prvej mzde.<\/p>\n\n\n\n<p>U&nbsp;pracovnej poz\u00edcii Care assistant&nbsp; je &nbsp;potrebn\u00e9 plati\u0165 prv\u00e9 n\u00e1jomn\u00e9 a&nbsp;depozit na ubytovanie (spolu okolo 1&nbsp;400eur) a&nbsp;ma\u0165 takisto peniaze na pokrytie osobn\u00fdch n\u00e1kladov po dobu, k\u00fdm pr\u00edde prv\u00e1 mzda. Z\u00e1rove\u0148 je potrebn\u00e9 zaplati\u0165 si letenku, ktor\u00e1 je preplaten\u00e1 po odpracovan\u00ed 3 mesiacov.<\/p>\n\n\n\n<p><strong>M\u00e1m \u0161ancu, aj ke\u010f nem\u00e1m opatrovate\u013esk\u00fa sk\u00fasenos\u0165 a&nbsp;len z\u00e1klady angli\u010dtiny?<\/strong><\/p>\n\n\n\n<p>Zamestn\u00e1vatelia prij\u00edmaju&nbsp;<strong>len kandid\u00e1tov <\/strong>s profesion\u00e1lnou opatrovate\u013eskou alebo zdravotn\u00edckou sk\u00fasenos\u0165ou. Potrebn\u00e9 je ma\u0165 minim\u00e1lne mierne komunikat\u00edvnu znalos\u0165 angli\u010dtiny.<\/p>\n\n\n\n<p><strong>Je potrebn\u00e9 cestova\u0165 na osobn\u00fd pohovor?<\/strong><\/p>\n\n\n\n<p>U n\u00e1s m\u00e1te mo\u017enos\u0165 absolvova\u0165 proces sprostredkovania zamestnania na dia\u013eku, z pohodlia V\u00e1\u0161ho domova a to&nbsp;<strong>bez potreby absolvovania osobn\u00e9ho pohovoru.<\/strong><\/p>\n\n\n\n<p>Presk\u00fa\u0161anie znalosti jazyka a pohovor so zamestn\u00e1vate\u013eom je mo\u017en\u00e9 absolvova\u0165 formou online.<\/p>\n\n\n\n<p><strong>Ko\u013eko trv\u00e1 vybavenie zamestnania?<\/strong><\/p>\n\n\n\n<p>Be\u017ene cel\u00fd proces sprostredkovania zamestnania od prvotn\u00e9ho vstupn\u00e9ho rozhovoru po vycestovanie k\u00a0zamestn\u00e1vate\u013eovi trv\u00e1\u00a0<strong>4-6 t\u00fd\u017ed\u0148ov.<\/strong><\/p>\n\n\n\n<p><strong>Je ubytovanie poskytnut\u00e9?<\/strong><\/p>\n\n\n\n<p>Na poz\u00edcii Live in m\u00e1 opatrovate\u013e\/ka poskytnut\u00e9&nbsp;<strong>ubytovanie priamo v&nbsp;klientovom dome. <\/strong>Na poz\u00edcii Care assistant V\u00e1m pri h\u013eada\u00ed ubytovania pom\u00f4\u017eeme.<\/p>\n\n\n\n<p><strong>Ak\u00e9 dokumenty treba predlo\u017ei\u0165?<\/strong><\/p>\n\n\n\n<p>Je potrebn\u00e9 predlo\u017ei\u0165&nbsp;<strong>pracovn\u00e9 referencie, doklady toto\u017enosti a&nbsp;v\u00fdpis z&nbsp;registra trestov<\/strong>. O&nbsp;presn\u00fdch n\u00e1le\u017eitostiach dokumentov V\u00e1s budeme informova\u0165.<\/p>\n\n\n\n<p><strong>M\u00f4\u017eem vycestova\u0165 s&nbsp;kamar\u00e1tkou alebo partnerom?<\/strong><\/p>\n\n\n\n<p>Spolo\u010dn\u00e9 umiestnenie u jedn\u00e9ho zamestn\u00e1vate\u013ea a spolo\u010dn\u00e9 b\u00fdvanie je mo\u017en\u00e9 v pr\u00edpade pracovnej poz\u00edcie Care Assistant.<\/p>\n\n\n\n<p><strong>Na koho sa m\u00e1m obr\u00e1ti\u0165 v&nbsp;pr\u00edpade ot\u00e1zok alebo komplik\u00e1cii po n\u00e1stupe do zamestnania?<\/strong><\/p>\n\n\n\n<p>Ocen\u00edme, ak budete s nami v spojen\u00ed aj po\u010das zamestnania. Ak by sa vyskytli ot\u00e1zky, alebo komplik\u00e1cie, m\u00f4\u017eete sa obr\u00e1ti\u0165 kedyko\u013evek na n\u00e1s a my budeme n\u00e1pomocn\u00ed pri rie\u0161en\u00ed.<\/p>\n\n\n\n<p><strong>Dostanem in\u0161trukcie na cestu?<\/strong><\/p>\n\n\n\n<p>Po zak\u00fapen\u00ed letenky V\u00e1m&nbsp;<strong>vypracujeme podrobn\u00fd pl\u00e1n cesty<\/strong>&nbsp;z&nbsp;letiska na miesto ubytovania.<\/p>\n\n\n\n<p><strong>\u010co robi\u0165 v&nbsp;pr\u00edpade, ak chcem zmeni\u0165 zamestn\u00e1vate\u013ea?<\/strong><\/p>\n\n\n\n<p>Ak sa na n\u00e1s obr\u00e1tite s&nbsp;po\u017eiadavkou o&nbsp;zmenu zamestn\u00e1vate\u013ea alebo pracovnej poz\u00edcie, radi V\u00e1m aj v&nbsp;tomto pr\u00edpade pom\u00f4\u017eeme. Je to va\u010d\u0161inou mo\u017en\u00e9 priamym prestupom, bez potreby cestova\u0165 do domovskej krajiny.<\/p>\n\n\n\n<p class=\"has-text-align-right\">M\u00e1te \u010fal\u0161ie ot\u00e1zky? <a href=\"https:\/\/www.work-now.eu\/sk\/kontakt\/\">Kontaktujte n\u00e1s \u2192<\/a><\/p>\n","protected":false},"excerpt":{"rendered":"<p>Ako to cel\u00e9 prebieha? Po zisten\u00ed Va\u0161ich po\u017eiad\u00e1vok dobre zv\u00e1\u017eime, \u010do V\u00e1m pon\u00fakneme.&nbsp;Nepon\u00fakame ka\u017ed\u00e9mu v\u0161etko.&nbsp;Tu prich\u00e1dza na radu na\u0161a prec\u00edznos\u0165 a&nbsp;intu\u00edcia, ktor\u00e1 n\u00e1m v\u0161etk\u00fdm u\u0161etr\u00ed ve\u013ea hod\u00edn pokusov a&nbsp;omylov. V&nbsp;momente predlo\u017eenia konkr\u00e9tnej ponuky u\u017e m\u00e1te vysok\u00fa pravdepodobnos\u0165 dlhodob\u00e9ho, spokojn\u00e9ho umiestnenia. U&nbsp;n\u00e1s si m\u00f4\u017eete v\u0161etko vopred overi\u0165,&nbsp;hr\u00e1me fair play!&nbsp;V&nbsp;pr\u00edpade z\u00e1ujmu o&nbsp;dodato\u010dn\u00e9 inform\u00e1cie \u201ez nez\u00e1visl\u00e9ho zdroja\u201c V\u00e1m<\/p>\n","protected":false},"author":1,"featured_media":73,"parent":0,"menu_order":0,"comment_status":"closed","ping_status":"closed","template":"","meta":{"_acf_changed":false,"footnotes":""},"class_list":["post-21","page","type-page","status-publish","has-post-thumbnail","hentry","necervensie"],"acf":[],"yoast_head":"<!-- This site is optimized with the Yoast SEO plugin v26.1.1 - https:\/\/yoast.com\/wordpress\/plugins\/seo\/ -->\n<title>Ako n\u00e1js\u0165 pr\u00e1cu v anglicku? Opatrovanie v zahrani\u010d\u00ed<\/title>\n<meta name=\"description\" content=\"rady a postrehy pri h\u013eadan\u00ed pr\u00e1ce opatrovate\u013eov star\u0161\u00edch \u013eud\u00ed v anglicku.\" \/>\n<meta name=\"robots\" content=\"index, follow, max-snippet:-1, max-image-preview:large, max-video-preview:-1\" \/>\n<meta property=\"og:locale\" content=\"sk_SK\" \/>\n<meta property=\"og:type\" content=\"article\" \/>\n<meta property=\"og:title\" content=\"Ako n\u00e1js\u0165 pr\u00e1cu v anglicku? Opatrovanie v zahrani\u010d\u00ed\" \/>\n<meta property=\"og:description\" content=\"rady a postrehy pri h\u013eadan\u00ed pr\u00e1ce opatrovate\u013eov star\u0161\u00edch \u013eud\u00ed v anglicku.\" \/>\n<meta property=\"og:url\" content=\"https:\/\/www.work-now.eu\/sk\/otazky\/\" \/>\n<meta property=\"og:site_name\" content=\"Work-now.eu\" \/>\n<meta property=\"article:modified_time\" content=\"2025-12-10T10:21:55+00:00\" \/>\n<meta property=\"og:image\" content=\"https:\/\/www.work-now.eu\/wp-content\/uploads\/2018\/04\/anglicko_ulica.jpg\" \/>\n\t<meta property=\"og:image:width\" content=\"1280\" \/>\n\t<meta property=\"og:image:height\" content=\"822\" \/>\n\t<meta property=\"og:image:type\" content=\"image\/jpeg\" \/>\n<meta name=\"twitter:card\" content=\"summary_large_image\" \/>\n<meta name=\"twitter:label1\" content=\"Predpokladan\u00fd \u010das \u010d\u00edtania\" \/>\n\t<meta name=\"twitter:data1\" content=\"3 min\u00faty\" \/>\n<script type=\"application\/ld+json\" class=\"yoast-schema-graph\">{\"@context\":\"https:\/\/schema.org\",\"@graph\":[{\"@type\":\"WebPage\",\"@id\":\"https:\/\/www.work-now.eu\/sk\/otazky\/\",\"url\":\"https:\/\/www.work-now.eu\/sk\/otazky\/\",\"name\":\"Ako n\u00e1js\u0165 pr\u00e1cu v anglicku? Opatrovanie v zahrani\u010d\u00ed\",\"isPartOf\":{\"@id\":\"https:\/\/www.work-now.eu\/sk\/#website\"},\"primaryImageOfPage\":{\"@id\":\"https:\/\/www.work-now.eu\/sk\/otazky\/#primaryimage\"},\"image\":{\"@id\":\"https:\/\/www.work-now.eu\/sk\/otazky\/#primaryimage\"},\"thumbnailUrl\":\"https:\/\/www.work-now.eu\/wp-content\/uploads\/2018\/04\/anglicko_ulica.jpg\",\"datePublished\":\"2018-04-19T09:03:19+00:00\",\"dateModified\":\"2025-12-10T10:21:55+00:00\",\"description\":\"rady a postrehy pri h\u013eadan\u00ed pr\u00e1ce opatrovate\u013eov star\u0161\u00edch \u013eud\u00ed v anglicku.\",\"breadcrumb\":{\"@id\":\"https:\/\/www.work-now.eu\/sk\/otazky\/#breadcrumb\"},\"inLanguage\":\"sk-SK\",\"potentialAction\":[{\"@type\":\"ReadAction\",\"target\":[\"https:\/\/www.work-now.eu\/sk\/otazky\/\"]}]},{\"@type\":\"ImageObject\",\"inLanguage\":\"sk-SK\",\"@id\":\"https:\/\/www.work-now.eu\/sk\/otazky\/#primaryimage\",\"url\":\"https:\/\/www.work-now.eu\/wp-content\/uploads\/2018\/04\/anglicko_ulica.jpg\",\"contentUrl\":\"https:\/\/www.work-now.eu\/wp-content\/uploads\/2018\/04\/anglicko_ulica.jpg\",\"width\":1280,\"height\":822,\"caption\":\"Ulica v Anglicku\"},{\"@type\":\"BreadcrumbList\",\"@id\":\"https:\/\/www.work-now.eu\/sk\/otazky\/#breadcrumb\",\"itemListElement\":[{\"@type\":\"ListItem\",\"position\":1,\"name\":\"Home\",\"item\":\"https:\/\/www.work-now.eu\/sk\/\"},{\"@type\":\"ListItem\",\"position\":2,\"name\":\"\u010cast\u00e9 ot\u00e1zky\"}]},{\"@type\":\"WebSite\",\"@id\":\"https:\/\/www.work-now.eu\/sk\/#website\",\"url\":\"https:\/\/www.work-now.eu\/sk\/\",\"name\":\"Work-now.eu\",\"description\":\"Pracovn\u00e1 agent\u00fara\",\"publisher\":{\"@id\":\"https:\/\/www.work-now.eu\/sk\/#organization\"},\"potentialAction\":[{\"@type\":\"SearchAction\",\"target\":{\"@type\":\"EntryPoint\",\"urlTemplate\":\"https:\/\/www.work-now.eu\/sk\/?s={search_term_string}\"},\"query-input\":{\"@type\":\"PropertyValueSpecification\",\"valueRequired\":true,\"valueName\":\"search_term_string\"}}],\"inLanguage\":\"sk-SK\"},{\"@type\":\"Organization\",\"@id\":\"https:\/\/www.work-now.eu\/sk\/#organization\",\"name\":\"IFNE Slovakia s.r.o.\",\"url\":\"https:\/\/www.work-now.eu\/sk\/\",\"logo\":{\"@type\":\"ImageObject\",\"inLanguage\":\"sk-SK\",\"@id\":\"https:\/\/www.work-now.eu\/sk\/#\/schema\/logo\/image\/\",\"url\":\"https:\/\/www.work-now.eu\/wp-content\/uploads\/2018\/05\/logo.png\",\"contentUrl\":\"https:\/\/www.work-now.eu\/wp-content\/uploads\/2018\/05\/logo.png\",\"width\":748,\"height\":113,\"caption\":\"IFNE Slovakia s.r.o.\"},\"image\":{\"@id\":\"https:\/\/www.work-now.eu\/sk\/#\/schema\/logo\/image\/\"}}]}<\/script>\n<!-- \/ Yoast SEO plugin. -->","yoast_head_json":{"title":"Ako n\u00e1js\u0165 pr\u00e1cu v anglicku? Opatrovanie v zahrani\u010d\u00ed","description":"rady a postrehy pri h\u013eadan\u00ed pr\u00e1ce opatrovate\u013eov star\u0161\u00edch \u013eud\u00ed v anglicku.","robots":{"index":"index","follow":"follow","max-snippet":"max-snippet:-1","max-image-preview":"max-image-preview:large","max-video-preview":"max-video-preview:-1"},"og_locale":"sk_SK","og_type":"article","og_title":"Ako n\u00e1js\u0165 pr\u00e1cu v anglicku? Opatrovanie v zahrani\u010d\u00ed","og_description":"rady a postrehy pri h\u013eadan\u00ed pr\u00e1ce opatrovate\u013eov star\u0161\u00edch \u013eud\u00ed v anglicku.","og_url":"https:\/\/www.work-now.eu\/sk\/otazky\/","og_site_name":"Work-now.eu","article_modified_time":"2025-12-10T10:21:55+00:00","og_image":[{"width":1280,"height":822,"url":"https:\/\/www.work-now.eu\/wp-content\/uploads\/2018\/04\/anglicko_ulica.jpg","type":"image\/jpeg"}],"twitter_card":"summary_large_image","twitter_misc":{"Predpokladan\u00fd \u010das \u010d\u00edtania":"3 min\u00faty"},"schema":{"@context":"https:\/\/schema.org","@graph":[{"@type":"WebPage","@id":"https:\/\/www.work-now.eu\/sk\/otazky\/","url":"https:\/\/www.work-now.eu\/sk\/otazky\/","name":"Ako n\u00e1js\u0165 pr\u00e1cu v anglicku? Opatrovanie v zahrani\u010d\u00ed","isPartOf":{"@id":"https:\/\/www.work-now.eu\/sk\/#website"},"primaryImageOfPage":{"@id":"https:\/\/www.work-now.eu\/sk\/otazky\/#primaryimage"},"image":{"@id":"https:\/\/www.work-now.eu\/sk\/otazky\/#primaryimage"},"thumbnailUrl":"https:\/\/www.work-now.eu\/wp-content\/uploads\/2018\/04\/anglicko_ulica.jpg","datePublished":"2018-04-19T09:03:19+00:00","dateModified":"2025-12-10T10:21:55+00:00","description":"rady a postrehy pri h\u013eadan\u00ed pr\u00e1ce opatrovate\u013eov star\u0161\u00edch \u013eud\u00ed v anglicku.","breadcrumb":{"@id":"https:\/\/www.work-now.eu\/sk\/otazky\/#breadcrumb"},"inLanguage":"sk-SK","potentialAction":[{"@type":"ReadAction","target":["https:\/\/www.work-now.eu\/sk\/otazky\/"]}]},{"@type":"ImageObject","inLanguage":"sk-SK","@id":"https:\/\/www.work-now.eu\/sk\/otazky\/#primaryimage","url":"https:\/\/www.work-now.eu\/wp-content\/uploads\/2018\/04\/anglicko_ulica.jpg","contentUrl":"https:\/\/www.work-now.eu\/wp-content\/uploads\/2018\/04\/anglicko_ulica.jpg","width":1280,"height":822,"caption":"Ulica v Anglicku"},{"@type":"BreadcrumbList","@id":"https:\/\/www.work-now.eu\/sk\/otazky\/#breadcrumb","itemListElement":[{"@type":"ListItem","position":1,"name":"Home","item":"https:\/\/www.work-now.eu\/sk\/"},{"@type":"ListItem","position":2,"name":"\u010cast\u00e9 ot\u00e1zky"}]},{"@type":"WebSite","@id":"https:\/\/www.work-now.eu\/sk\/#website","url":"https:\/\/www.work-now.eu\/sk\/","name":"Work-now.eu","description":"Pracovn\u00e1 agent\u00fara","publisher":{"@id":"https:\/\/www.work-now.eu\/sk\/#organization"},"potentialAction":[{"@type":"SearchAction","target":{"@type":"EntryPoint","urlTemplate":"https:\/\/www.work-now.eu\/sk\/?s={search_term_string}"},"query-input":{"@type":"PropertyValueSpecification","valueRequired":true,"valueName":"search_term_string"}}],"inLanguage":"sk-SK"},{"@type":"Organization","@id":"https:\/\/www.work-now.eu\/sk\/#organization","name":"IFNE Slovakia s.r.o.","url":"https:\/\/www.work-now.eu\/sk\/","logo":{"@type":"ImageObject","inLanguage":"sk-SK","@id":"https:\/\/www.work-now.eu\/sk\/#\/schema\/logo\/image\/","url":"https:\/\/www.work-now.eu\/wp-content\/uploads\/2018\/05\/logo.png","contentUrl":"https:\/\/www.work-now.eu\/wp-content\/uploads\/2018\/05\/logo.png","width":748,"height":113,"caption":"IFNE Slovakia s.r.o."},"image":{"@id":"https:\/\/www.work-now.eu\/sk\/#\/schema\/logo\/image\/"}}]}},"_links":{"self":[{"href":"https:\/\/www.work-now.eu\/sk\/wp-json\/wp\/v2\/pages\/21","targetHints":{"allow":["GET"]}}],"collection":[{"href":"https:\/\/www.work-now.eu\/sk\/wp-json\/wp\/v2\/pages"}],"about":[{"href":"https:\/\/www.work-now.eu\/sk\/wp-json\/wp\/v2\/types\/page"}],"author":[{"embeddable":true,"href":"https:\/\/www.work-now.eu\/sk\/wp-json\/wp\/v2\/users\/1"}],"replies":[{"embeddable":true,"href":"https:\/\/www.work-now.eu\/sk\/wp-json\/wp\/v2\/comments?post=21"}],"version-history":[{"count":3,"href":"https:\/\/www.work-now.eu\/sk\/wp-json\/wp\/v2\/pages\/21\/revisions"}],"predecessor-version":[{"id":9008,"href":"https:\/\/www.work-now.eu\/sk\/wp-json\/wp\/v2\/pages\/21\/revisions\/9008"}],"wp:featuredmedia":[{"embeddable":true,"href":"https:\/\/www.work-now.eu\/sk\/wp-json\/wp\/v2\/media\/73"}],"wp:attachment":[{"href":"https:\/\/www.work-now.eu\/sk\/wp-json\/wp\/v2\/media?parent=21"}],"curies":[{"name":"wp","href":"https:\/\/api.w.org\/{rel}","templated":true}]}}