{"id":91,"date":"2018-04-23T14:19:20","date_gmt":"2018-04-23T12:19:20","guid":{"rendered":"https:\/\/www.work-now.eu\/?page_id=91"},"modified":"2019-02-24T13:02:43","modified_gmt":"2019-02-24T11:02:43","slug":"ochrana-osobnych-udajov","status":"publish","type":"page","link":"https:\/\/www.work-now.eu\/sk\/ochrana-osobnych-udajov\/","title":{"rendered":"Ochrana osobn\u00fdch \u00fadajov"},"content":{"rendered":"<p>Inform\u00e1cie o spracovan\u00ed osobn\u00fdch \u00fadajov<\/p>\n<p>V pr\u00edpade spracovania osobn\u00fdch \u00fadajov, ktor\u00e9 je nevyhnutn\u00e9 z h\u013eadiska opatren\u00ed ved\u00facich k uzavretiu zmluvy s uch\u00e1dza\u010dom o zamestnanie, teda k h\u013eadaniu uch\u00e1dza\u010dov o pon\u00fakan\u00fa pracovn\u00fa poz\u00edciu, rokovania o obsahu pracovnopr\u00e1vneho vz\u0165ahu s\u00fa tieto s\u00favisiace z\u00e1le\u017eitost:<\/p>\n<ul>\n<li>TOTO\u017dNOS\u0164 A KONTAKTN\u00c9 \u00daDAJE SPR\u00c1VCU\n<ol>\n<li>Spr\u00e1vcom Va\u0161ich osobn\u00fdch \u00fadajov je spolo\u010dnos\u0165 IFNE Slovakia s.r.o., so s\u00eddlom Za hradbami 3, 902 01 Pezinok, Slovensko, I\u010cO: 35\u00a0845\u00a0350, Z\u00e1pis v\u00a0Obch.registri: Okresn\u00fd s\u00fad Bratislava I, oddiel Sro, vlo\u017eka \u010d.27531\/B (d\u00e1le jen \u201e<strong>spr\u00e1vca<\/strong>\u201c).<\/li>\n<li>Kontaktn\u00e9 \u00fadaje spr\u00e1vcu s\u00fa n\u00e1sledovn\u00e9: adresa pre doru\u010dovanie: Za hradbami 3, 902 01 Pezinok, Slovensko, adresa elektronickej po\u0161ty: <span class=\"pep-email\">info({%})work-now.eu<\/span>, telef\u00f3n: 0915 706890.<\/li>\n<li>Spr\u00e1vca nemenoval osobu poveren\u00fa ochranou osobn\u00fdch \u00fadajov.<\/li>\n<\/ol>\n<\/li>\n<li>Z\u00c1KONN\u00dd DOVOD SPRACOVANIA OSOBN\u00ddCH \u00daDAJOV\n<ol>\n<li>Z\u00e1konn\u00fdm d\u00f4vodom spracovania Va\u0161ich osobn\u00fdch \u00fadajov je skuto\u010dnos\u0165, \u017ee\u00a0toto spracovanie je nevyhnutn\u00e9 pre uskuto\u010dnenie opatren\u00ed prijat\u00fdch pred uzatvoren\u00edm zmlouvy na Va\u0161u \u017eiados\u0165 (zaslanie t\u00fdchto osobn\u00fdch \u00fadajov) a pr\u00edpadn\u00e9 n\u00e1sledn\u00e9 jednanie o\u00a0obsahu pracovnopr\u00e1vneho vz\u0165ahu medzi Vami a\u00a0spr\u00e1vcom \u2013 sprostredkovate\u013eom zamestnania v\u00a0zmysle \u010dl. 6 odst. 1 p\u00edsm. b) Nariadenia Eur\u00f3pskeho parlamentu a Rady 2016\/679 o\u00a0ochrane fyzick\u00fdch os\u00f4b v\u00a0s\u00favislosti so\u00a0spracovan\u00edm osobn\u00fdch \u00fadajov a o vo\u013enom pohybu t\u00fdchto \u00fadajov a o zru\u0161en\u00ed smernice 95\/46\/ES (v\u0161eobecn\u00e9 nariadenie o\u00a0ochrane osobn\u00fdch \u00fadajov) (\u010falej len \u201e<strong>nariadenie<\/strong>\u201c).<\/li>\n<\/ol>\n<\/li>\n<li>\u00da\u010cEL SPRACOVANIA OSOBN\u00ddCH \u00daDAJOV\n<ol>\n<li>\u00da\u010delom spracovania Va\u0161ich osobn\u00fdch \u00fadajov s\u00fa opatrenia smeruj\u00face k v\u00fdberu vhodn\u00e9ho kandid\u00e1ta na spr\u00e1vcom pon\u00fakan\u00fa pracovn\u00fa poz\u00edciu a jednanie o\u00a0obsahu pracovnopr\u00e1vneho vz\u0165ahu s\u00a0uch\u00e1dza\u010dom o zamestnanie a s\u00favisiace z\u00e1le\u017eitosti.<\/li>\n<li>Zo strany spr\u00e1vcu nedoch\u00e1dza k\u00a0automatick\u00e9mu individu\u00e1lnemu rozhodovaniu v\u00a0zmyslu \u010dl. 22 nariadenia.<\/li>\n<\/ol>\n<\/li>\n<li>DOBA ULO\u017dENIA OSOBN\u00ddCH \u00daDAJOV\n<ol>\n<li>Doba, po kterou budou Va\u0161e osobn\u00e9 \u00fadaje spr\u00e1vcom ulo\u017een\u00e9, je doba nevyhnutn\u00e1 k\u00a0naplneniu \u00fa\u010delu spracovania \u2013 v\u00fdberu uch\u00e1dza\u010da na vybran\u00fa pracovn\u00fa poz\u00edciu a\u00a0uzatvorenie pr\u00edslu\u0161n\u00e9ho zmluvn\u00e9ho vz\u0165ahu, najdlh\u0161ie v\u0161ak po dobu stanoven\u00fa v\u0161eobecne z\u00e1v\u00e4zn\u00fdmi pr\u00e1vnymi predpismi.<\/li>\n<\/ol>\n<\/li>\n<li>\u010eAL\u0160\u00cd PR\u00cdJEMCOVIA OSOBN\u00ddCH \u00daDAJOV\n<ol>\n<li>\u010eal\u0161\u00edmi pr\u00edjemci Va\u0161ich osobn\u00fdch \u00fadajov bud\u00fa spracovatelia osobn\u00fdch \u00fadajov zais\u0165uj\u00faci pre spr\u00e1vcu personalistick\u00e9 slu\u017eby.<\/li>\n<li>Pr\u00edjemcami Va\u0161ich osobn\u00fdch \u00fadajov m\u00f4\u017eu by\u0165 poskytovatelia zdravotne opatrovate\u013esk\u00fdch slu\u017eieb v\u00a0s\u00favislosti so z\u00e1konn\u00fdmi podmienkami pre\u00a0pracovnoopatrovate\u013esk\u00e9 slu\u017eby, ako predpokladu preo v\u00fdkon pr\u00e1ce.<\/li>\n<li>Spr\u00e1vca nem\u00e1 v \u00famyslu da\u0165 v\u00a0dispoz\u00edcii Va\u0161e osobn\u00e9 \u00fadaje do tretej krajiny (do krajiny mimo EU) alebo mezin\u00e1rodnej organiz\u00e1cie.<\/li>\n<\/ol>\n<\/li>\n<li>PR\u00c1VA SUBJEKTOV \u00daDAJOV\n<ol>\n<li>Za podmienok stanoven\u00fdch v\u00a0nariaden\u00ed m\u00e1te pr\u00e1vo po\u017eadova\u0165 od spr\u00e1vcu pr\u00edstup k\u00a0Va\u0161im osobn\u00fdm \u00fadajom, pr\u00e1vo na opravu alebo v\u00fdmaz Va\u0161ich osobn\u00fdch \u00fadajov, popr\u00edpade omezen\u00ed jejich zpracov\u00e1n\u00ed, pokud nejsou k\u00a0v\u00fd\u0161e popsan\u00e9mu \u00fa\u010delu ji\u017e pot\u0159ebn\u00e9.<\/li>\n<li>Za podmienok stanoven\u00fdch v\u00a0nariaden\u00ed m\u00e1te \u010falej pr\u00e1vo na prenosnos\u0165 Va\u0161ich osobn\u00fdch \u00fadajov, u ktor\u00fdch je z\u00e1konn\u00fdm d\u00f4vodem spracovania skuto\u010dnos\u0165, \u017ee\u00a0toto spracovanie je nevyhnutn\u00e9 pre plnenie obsahu pracovnopr\u00e1vneho vz\u0165ahu na z\u00e1klade pracovnej zmlouvy alebo zmlouvy o\u00a0sprostredkovan\u00ed zamestnania uzatvorenej medzi Vami a\u00a0spr\u00e1vcem.<\/li>\n<li>Ak by ste sa domnieval(a), \u017ee spracovan\u00edm Va\u0161ich osobn\u00fdch \u00fadajov bolo poru\u0161en\u00e9 \u010di je poru\u0161ovan\u00e9 nariadenie, m\u00e1te okrem in\u00e9ho pr\u00e1vo poda\u0165 s\u0165a\u017enos\u0165 u\u00a0dozorov\u00e9ho \u00faradu.<\/li>\n<li>Nem\u00e1te povinnos\u0165 Va\u0161e osobn\u00e9 \u00fadaje poskytn\u00fa\u0165. Poskytnutie Va\u0161ich osobn\u00fdch \u00fadajov je\u00a0nevyhnutnou po\u017eiadavkou pre \u00fa\u010dast v\u00a0konan\u00ed na obsadenie vo\u013en\u00e9ho pracovn\u00e9ho miesta vr\u00e1tane jednania o uzatvoren\u00ed pracovnopr\u00e1vneho vz\u0165ahu medzi spr\u00e1vcom ako sprostredkovate\u013eom zamestnania a Vami ako zamestnancom vr\u00e1tane obsahu pracovnopr\u00e1vneho vz\u0165ahu, a povinnos\u0165ami s\u00a0t\u00fdm spojen\u00fdmi. Bez poskytnutia Va\u0161ich osobn\u00fdch \u00fadajov nie je mo\u017en\u00e9 dojedna\u0165 pracovnopr\u00e1vny vz\u0165ah, jedna\u0165 o obsahu pracovnopr\u00e1vneho vz\u0165ahu a ani riadne plni\u0165 povinnosti vz\u0165ahuj\u00face se\u00a0k\u00a0pracovnopr\u00e1vnemu vz\u0165ahu pod\u013ea v\u0161eobecne z\u00e1v\u00e4zn\u00fdch pr\u00e1vnych predpisov.<\/li>\n<\/ol>\n<\/li>\n<\/ul>\n","protected":false},"excerpt":{"rendered":"<p>Inform\u00e1cie o spracovan\u00ed osobn\u00fdch \u00fadajov V pr\u00edpade spracovania osobn\u00fdch \u00fadajov, ktor\u00e9 je nevyhnutn\u00e9 z h\u013eadiska opatren\u00ed ved\u00facich k uzavretiu zmluvy s uch\u00e1dza\u010dom o zamestnanie, teda k h\u013eadaniu uch\u00e1dza\u010dov o pon\u00fakan\u00fa pracovn\u00fa poz\u00edciu, rokovania o obsahu pracovnopr\u00e1vneho vz\u0165ahu s\u00fa tieto s\u00favisiace z\u00e1le\u017eitost: TOTO\u017dNOS\u0164 A KONTAKTN\u00c9 \u00daDAJE SPR\u00c1VCU Spr\u00e1vcom Va\u0161ich osobn\u00fdch \u00fadajov je spolo\u010dnos\u0165 IFNE Slovakia s.r.o.,<\/p>\n","protected":false},"author":1,"featured_media":0,"parent":0,"menu_order":0,"comment_status":"closed","ping_status":"closed","template":"","meta":{"_acf_changed":false,"footnotes":""},"class_list":["post-91","page","type-page","status-publish","hentry","necervensie"],"acf":[],"yoast_head":"<!-- This site is optimized with the Yoast SEO plugin v26.1.1 - https:\/\/yoast.com\/wordpress\/plugins\/seo\/ -->\n<title>Ochrana osobn\u00fdch \u00fadajov &#8212; Work-now.eu<\/title>\n<meta name=\"robots\" content=\"index, follow, max-snippet:-1, max-image-preview:large, max-video-preview:-1\" \/>\n<meta property=\"og:locale\" content=\"sk_SK\" \/>\n<meta property=\"og:type\" content=\"article\" \/>\n<meta property=\"og:title\" content=\"Ochrana osobn\u00fdch \u00fadajov &#8212; Work-now.eu\" \/>\n<meta property=\"og:description\" content=\"Inform\u00e1cie o spracovan\u00ed osobn\u00fdch \u00fadajov V pr\u00edpade spracovania osobn\u00fdch \u00fadajov, ktor\u00e9 je nevyhnutn\u00e9 z h\u013eadiska opatren\u00ed ved\u00facich k uzavretiu zmluvy s uch\u00e1dza\u010dom o zamestnanie, teda k h\u013eadaniu uch\u00e1dza\u010dov o pon\u00fakan\u00fa pracovn\u00fa poz\u00edciu, rokovania o obsahu pracovnopr\u00e1vneho vz\u0165ahu s\u00fa tieto s\u00favisiace z\u00e1le\u017eitost: TOTO\u017dNOS\u0164 A KONTAKTN\u00c9 \u00daDAJE SPR\u00c1VCU Spr\u00e1vcom Va\u0161ich osobn\u00fdch \u00fadajov je spolo\u010dnos\u0165 IFNE Slovakia s.r.o.,\" \/>\n<meta property=\"og:url\" content=\"https:\/\/www.work-now.eu\/sk\/ochrana-osobnych-udajov\/\" \/>\n<meta property=\"og:site_name\" content=\"Work-now.eu\" \/>\n<meta property=\"article:modified_time\" content=\"2019-02-24T11:02:43+00:00\" \/>\n<meta property=\"og:image\" content=\"https:\/\/www.work-now.eu\/wp-content\/uploads\/2018\/05\/default_facebook_cover.jpg\" \/>\n\t<meta property=\"og:image:width\" content=\"1200\" \/>\n\t<meta property=\"og:image:height\" content=\"628\" \/>\n\t<meta property=\"og:image:type\" content=\"image\/jpeg\" \/>\n<meta name=\"twitter:card\" content=\"summary_large_image\" \/>\n<meta name=\"twitter:label1\" content=\"Predpokladan\u00fd \u010das \u010d\u00edtania\" \/>\n\t<meta name=\"twitter:data1\" content=\"4 min\u00faty\" \/>\n<script type=\"application\/ld+json\" class=\"yoast-schema-graph\">{\"@context\":\"https:\/\/schema.org\",\"@graph\":[{\"@type\":\"WebPage\",\"@id\":\"https:\/\/www.work-now.eu\/sk\/ochrana-osobnych-udajov\/\",\"url\":\"https:\/\/www.work-now.eu\/sk\/ochrana-osobnych-udajov\/\",\"name\":\"Ochrana osobn\u00fdch \u00fadajov &#8212; Work-now.eu\",\"isPartOf\":{\"@id\":\"https:\/\/www.work-now.eu\/sk\/#website\"},\"datePublished\":\"2018-04-23T12:19:20+00:00\",\"dateModified\":\"2019-02-24T11:02:43+00:00\",\"breadcrumb\":{\"@id\":\"https:\/\/www.work-now.eu\/sk\/ochrana-osobnych-udajov\/#breadcrumb\"},\"inLanguage\":\"sk-SK\",\"potentialAction\":[{\"@type\":\"ReadAction\",\"target\":[\"https:\/\/www.work-now.eu\/sk\/ochrana-osobnych-udajov\/\"]}]},{\"@type\":\"BreadcrumbList\",\"@id\":\"https:\/\/www.work-now.eu\/sk\/ochrana-osobnych-udajov\/#breadcrumb\",\"itemListElement\":[{\"@type\":\"ListItem\",\"position\":1,\"name\":\"Home\",\"item\":\"https:\/\/www.work-now.eu\/sk\/\"},{\"@type\":\"ListItem\",\"position\":2,\"name\":\"Ochrana osobn\u00fdch \u00fadajov\"}]},{\"@type\":\"WebSite\",\"@id\":\"https:\/\/www.work-now.eu\/sk\/#website\",\"url\":\"https:\/\/www.work-now.eu\/sk\/\",\"name\":\"Work-now.eu\",\"description\":\"Pracovn\u00e1 agent\u00fara\",\"publisher\":{\"@id\":\"https:\/\/www.work-now.eu\/sk\/#organization\"},\"potentialAction\":[{\"@type\":\"SearchAction\",\"target\":{\"@type\":\"EntryPoint\",\"urlTemplate\":\"https:\/\/www.work-now.eu\/sk\/?s={search_term_string}\"},\"query-input\":{\"@type\":\"PropertyValueSpecification\",\"valueRequired\":true,\"valueName\":\"search_term_string\"}}],\"inLanguage\":\"sk-SK\"},{\"@type\":\"Organization\",\"@id\":\"https:\/\/www.work-now.eu\/sk\/#organization\",\"name\":\"IFNE Slovakia s.r.o.\",\"url\":\"https:\/\/www.work-now.eu\/sk\/\",\"logo\":{\"@type\":\"ImageObject\",\"inLanguage\":\"sk-SK\",\"@id\":\"https:\/\/www.work-now.eu\/sk\/#\/schema\/logo\/image\/\",\"url\":\"https:\/\/www.work-now.eu\/wp-content\/uploads\/2018\/05\/logo.png\",\"contentUrl\":\"https:\/\/www.work-now.eu\/wp-content\/uploads\/2018\/05\/logo.png\",\"width\":748,\"height\":113,\"caption\":\"IFNE Slovakia s.r.o.\"},\"image\":{\"@id\":\"https:\/\/www.work-now.eu\/sk\/#\/schema\/logo\/image\/\"}}]}<\/script>\n<!-- \/ Yoast SEO plugin. -->","yoast_head_json":{"title":"Ochrana osobn\u00fdch \u00fadajov &#8212; Work-now.eu","robots":{"index":"index","follow":"follow","max-snippet":"max-snippet:-1","max-image-preview":"max-image-preview:large","max-video-preview":"max-video-preview:-1"},"og_locale":"sk_SK","og_type":"article","og_title":"Ochrana osobn\u00fdch \u00fadajov &#8212; Work-now.eu","og_description":"Inform\u00e1cie o spracovan\u00ed osobn\u00fdch \u00fadajov V pr\u00edpade spracovania osobn\u00fdch \u00fadajov, ktor\u00e9 je nevyhnutn\u00e9 z h\u013eadiska opatren\u00ed ved\u00facich k uzavretiu zmluvy s uch\u00e1dza\u010dom o zamestnanie, teda k h\u013eadaniu uch\u00e1dza\u010dov o pon\u00fakan\u00fa pracovn\u00fa poz\u00edciu, rokovania o obsahu pracovnopr\u00e1vneho vz\u0165ahu s\u00fa tieto s\u00favisiace z\u00e1le\u017eitost: TOTO\u017dNOS\u0164 A KONTAKTN\u00c9 \u00daDAJE SPR\u00c1VCU Spr\u00e1vcom Va\u0161ich osobn\u00fdch \u00fadajov je spolo\u010dnos\u0165 IFNE Slovakia s.r.o.,","og_url":"https:\/\/www.work-now.eu\/sk\/ochrana-osobnych-udajov\/","og_site_name":"Work-now.eu","article_modified_time":"2019-02-24T11:02:43+00:00","og_image":[{"width":1200,"height":628,"url":"https:\/\/www.work-now.eu\/wp-content\/uploads\/2018\/05\/default_facebook_cover.jpg","type":"image\/jpeg"}],"twitter_card":"summary_large_image","twitter_misc":{"Predpokladan\u00fd \u010das \u010d\u00edtania":"4 min\u00faty"},"schema":{"@context":"https:\/\/schema.org","@graph":[{"@type":"WebPage","@id":"https:\/\/www.work-now.eu\/sk\/ochrana-osobnych-udajov\/","url":"https:\/\/www.work-now.eu\/sk\/ochrana-osobnych-udajov\/","name":"Ochrana osobn\u00fdch \u00fadajov &#8212; Work-now.eu","isPartOf":{"@id":"https:\/\/www.work-now.eu\/sk\/#website"},"datePublished":"2018-04-23T12:19:20+00:00","dateModified":"2019-02-24T11:02:43+00:00","breadcrumb":{"@id":"https:\/\/www.work-now.eu\/sk\/ochrana-osobnych-udajov\/#breadcrumb"},"inLanguage":"sk-SK","potentialAction":[{"@type":"ReadAction","target":["https:\/\/www.work-now.eu\/sk\/ochrana-osobnych-udajov\/"]}]},{"@type":"BreadcrumbList","@id":"https:\/\/www.work-now.eu\/sk\/ochrana-osobnych-udajov\/#breadcrumb","itemListElement":[{"@type":"ListItem","position":1,"name":"Home","item":"https:\/\/www.work-now.eu\/sk\/"},{"@type":"ListItem","position":2,"name":"Ochrana osobn\u00fdch \u00fadajov"}]},{"@type":"WebSite","@id":"https:\/\/www.work-now.eu\/sk\/#website","url":"https:\/\/www.work-now.eu\/sk\/","name":"Work-now.eu","description":"Pracovn\u00e1 agent\u00fara","publisher":{"@id":"https:\/\/www.work-now.eu\/sk\/#organization"},"potentialAction":[{"@type":"SearchAction","target":{"@type":"EntryPoint","urlTemplate":"https:\/\/www.work-now.eu\/sk\/?s={search_term_string}"},"query-input":{"@type":"PropertyValueSpecification","valueRequired":true,"valueName":"search_term_string"}}],"inLanguage":"sk-SK"},{"@type":"Organization","@id":"https:\/\/www.work-now.eu\/sk\/#organization","name":"IFNE Slovakia s.r.o.","url":"https:\/\/www.work-now.eu\/sk\/","logo":{"@type":"ImageObject","inLanguage":"sk-SK","@id":"https:\/\/www.work-now.eu\/sk\/#\/schema\/logo\/image\/","url":"https:\/\/www.work-now.eu\/wp-content\/uploads\/2018\/05\/logo.png","contentUrl":"https:\/\/www.work-now.eu\/wp-content\/uploads\/2018\/05\/logo.png","width":748,"height":113,"caption":"IFNE Slovakia s.r.o."},"image":{"@id":"https:\/\/www.work-now.eu\/sk\/#\/schema\/logo\/image\/"}}]}},"_links":{"self":[{"href":"https:\/\/www.work-now.eu\/sk\/wp-json\/wp\/v2\/pages\/91","targetHints":{"allow":["GET"]}}],"collection":[{"href":"https:\/\/www.work-now.eu\/sk\/wp-json\/wp\/v2\/pages"}],"about":[{"href":"https:\/\/www.work-now.eu\/sk\/wp-json\/wp\/v2\/types\/page"}],"author":[{"embeddable":true,"href":"https:\/\/www.work-now.eu\/sk\/wp-json\/wp\/v2\/users\/1"}],"replies":[{"embeddable":true,"href":"https:\/\/www.work-now.eu\/sk\/wp-json\/wp\/v2\/comments?post=91"}],"version-history":[{"count":0,"href":"https:\/\/www.work-now.eu\/sk\/wp-json\/wp\/v2\/pages\/91\/revisions"}],"wp:attachment":[{"href":"https:\/\/www.work-now.eu\/sk\/wp-json\/wp\/v2\/media?parent=91"}],"curies":[{"name":"wp","href":"https:\/\/api.w.org\/{rel}","templated":true}]}}